{"id":1257,"date":"2021-07-21T15:26:38","date_gmt":"2021-07-21T15:26:38","guid":{"rendered":"https:\/\/airdata.ca\/?page_id=1257"},"modified":"2021-08-10T18:03:53","modified_gmt":"2021-08-10T18:03:53","slug":"termes-et-conditions","status":"publish","type":"page","link":"https:\/\/airdata.ca\/fr\/termes-et-conditions\/","title":{"rendered":"Termes et conditions"},"content":{"rendered":"<section data-id=\"block_60f1e46894e4c\" class=\"block-header-simple header-simplewide display2 c-sa sa\">\n\n    <div class=\"pretitle-and-title\">\n        \n                    <h1 class=\"block-header-simple__title title1\">Termes et conditions<\/h1>\n            <\/div>\n    \n    <div class=\"image-and-desc\">\n\n        <div class=\"image-header\"><\/div>\n\n            <\/div>\n\n    \n<\/section>\n\n<style>\n    .image-header{\n        background-image: url(''); \n    }\n\n    @media  screen and (min-width: 992px){\n        .image-header{\n            background-image: url(''); \n        }\n    }\n<\/style>\n\n\n<section data-id=\"block_60f1e47a94e4d\" class=\"block-text textwide display1 c-sa sa\">\n    \n    \n    \n                    <h2 class=\"block-text__title title2\">Condition d&rsquo;utilisation de site web<\/h2>\n                \n        <div class=\"row\">\n            <section class=\"left-content\">\n                                    <p class=\"block-text__description paragraph1\">Le Site Web www.airdata.ca (ci-apr\u00e8s le \u00ab Site Web \u00bb) appartient \u00e0 Air Data inc. (\u00ab Air Data \u00bb) et a pour objectif d\u2019offrir des informations au sujet de Air Data, son entreprise, ses services et ses produits, ainsi que d\u2019interagir avec ses clients. Le pr\u00e9sent Site Web comprend du texte, des images, des extraits audio et vid\u00e9o, des logiciels, graphiques, interfaces, ou le code et le choix du contenu et sa disposition et d\u2019autres \u00e9l\u00e9ments (collectivement, le \u00ab Contenu \u00bb) fournis par Air Data ou utilis\u00e9s sous licence par celle-ci, le tout \u00e0 des fins d\u2019information uniquement. \r\n<br>\r\n<br>\r\nLes pr\u00e9sentes Conditions gouvernent votre utilisation de toutes les fonctionnalit\u00e9s du Site Web, telles que fournies par Air Data. Veuillez prendre le temps de lire attentivement les pr\u00e9sentes Conditions puisqu\u2019elles contiennent des modalit\u00e9s relativement \u00e0 votre utilisation du Contenu, du Site Web ou \u00e0 votre navigation sur celui-ci.\r\n<br>\r\n<br>\r\nEN ACC\u00c9DANT AU SITE WEB OU EN T\u00c9L\u00c9CHARGEANT DU CONTENU, VOUS ACCEPTEZ D\u2019\u00caTRE LI\u00c9(E), SANS LIMITE NI R\u00c9SERVE, ET \u00caTES R\u00c9PUT\u00c9(E) AVOIR ACCEPT\u00c9 LES CONDITIONS D\u2019UTILISATION QUI S\u2019Y RATTACHENT (LES \u00ab CONDITIONS \u00bb). SI VOUS N\u2019ACCEPTEZ PAS TOUTES LES MODALIT\u00c9S DE SES CONDITIONS D\u2019UTILISATION, NOUS VOUS DEMANDONS DE CESSER TOUTE NAVIGATION SUR LE SITE WEB ET DE QUITTER IMM\u00c9DIATEMENT CELUI-CI. AUSSI, DANS L\u2019\u00c9VENTUALIT\u00c9 O\u00d9 VOUS NE VOUS CONFORMIEZ PAS AUX PR\u00c9SENTES CONDITIONS, AIR DATA SE R\u00c9SERVE LE DROIT DE RESTREINDRE VOTRE ACC\u00c8S AU SITE WEB, LE TOUT SANS PR\u00c9AVIS ET SANS PR\u00c9JUDICE \u00c0 TOUT AUTRE DROIT DONT AIR DATA POURRAIT SE PR\u00c9VALOIR.\r\n<br>\r\n<br>\r\n<strong>1.\tUTILISATION DU SITE<\/strong>\r\n<br>\r\n<br>\r\nLe Site Web a pour objectif de faciliter la diffusion d\u2019informations g\u00e9n\u00e9rales \u00e0 l\u2019\u00e9gard des produits et services offerts par Air Data dans le cours normal de son entreprise et d\u2019initier un contact entre Air Data et ses clients, partenaires et fournisseurs. \u00c0 cet \u00e9gard, vous pouvez afficher celui-ci, sous r\u00e9serve de ce qui est d\u00e9crit ci-apr\u00e8s, t\u00e9l\u00e9charger et imprimer sur papier certaines portions de celui-ci.\r\n<br>\r\n<br>\r\nLes renseignements retrouv\u00e9s sur le Site Web et le Contenu sont donn\u00e9s \u00e0 titre informatif seulement et vous sont fournis tels quels et tels qu&rsquo;ils sont disponibles. Air Data ne fait aucune d\u00e9claration et ne donne aucune garantie quant \u00e0 l&rsquo;exactitude ou \u00e0 l&rsquo;exhaustivit\u00e9 des renseignements qui figurent sur le Site Web ou du Contenu de celui-ci.\r\n<br>\r\n<br>\r\nDans le cadre de votre utilisation du Site Web et du Contenu, vous vous engagez \u00e0 ce qui suit :\r\n<br>\r\n<br>\r\n\u2022 ne pas utiliser le Site Web ou le Contenu, ou ne pas permettre ou faciliter son utilisation par toute personne, d\u2019une mani\u00e8re qui constitue ou encourage la commission d\u2019une infraction p\u00e9nale ou civile ou une violation de droits de propri\u00e9t\u00e9 intellectuelle, ou d\u2019une mani\u00e8re qui contrevient \u00e0 une loi ou un r\u00e8glement, ou entra\u00eene une perturbation des activit\u00e9s de Air Data;<br><br>\r\n\u2022 ne pas utiliser le Site Web ou le Contenu, ou ne pas permettre ou faciliter son utilisation par toute personne afin de publier tout Contenu qui, de l\u2019opinion d\u2019une personne raisonnable constitue une atteinte \u00e0 la vie priv\u00e9e d\u2019une personne, une atteinte \u00e0 l\u2019int\u00e9grit\u00e9 physique ou morale d\u2019une personne ou constitue du contenu diffamatoire, abusif, raciste, violent, haineux ou intimidant et \u00e0 ne pas publier sur le Site Web tout Contenu profanant des insultes ethniques ou \u00e0 caract\u00e8re homophobe ou attentatoire \u00e0 toute religion ou croyance spirituelle de m\u00eame que toute attaque \u00e0 une personne ou groupe de personne particulier;<br><br>\r\n\u2022 ne pas utiliser le Site Web ou le Contenu, ou ne pas permettre ou faciliter son utilisation par toute personne sans lire et accepter les conditions de tout contrat de licence distinct ou conditions fournis par Air Data, notamment les autres dispositions des pr\u00e9sentes Conditions;<br><br>\r\n\u2022 ne pas avoir, envers les employ\u00e9s, fournisseurs, mandataires ou repr\u00e9sentants de Air Data des propos ou des gestes constituant du harc\u00e8lement ou des mauvais traitements, verbaux, \u00e9crits ou autres;<br>\r\n\u2022 ne pas cr\u00e9er ou ne pas participer \u00e0 la cr\u00e9ation d\u2019un site web reproduisant, en tout ou en partie, le Site Web, le Contenu ou toute marque de commerce de Air Data;<br><br>\r\n\u2022 ne pas utiliser le Site Web ou le Contenu, ou ne pas permettre ou faciliter son utilisation par toute personne afin de transmettre toute communication qui, de l\u2019opinion d\u2019une personne raisonnable constitue soit de la publicit\u00e9, une offre commerciale, du pourriel ou quelconque forme de sollicitation;<br><br>\r\n\u2022 ne pas utiliser le Site Web ou le Contenu, ou ne pas permettre ou faciliter son utilisation par toute personne afin de publier du Contenu qu\u2019une personne raisonnable pourrait consid\u00e9rer comme \u00e9tant grossier, obsc\u00e8ne, ind\u00e9cent, vulgaire, ou de nature sexuellement suggestive ou heurtant les normes des bonnes m\u0153urs;\r\n<br>\r\n<br>\r\nFinalement, vous reconnaissez que vous \u00eates seul responsable de garantir que vos syst\u00e8mes sont en mesure d\u2019utiliser le Site Web. IL EST RECOMMAND\u00c9 QUE VOUS UTILISIEZ ET METTIEZ \u00c0 JOUR DES ANTIVIRUS, DES ANTI-LOGICIELS ESPIONS ET DES COUPE-FEU SUR VOS SYST\u00c8MES QUI DONNENT ACC\u00c8S AU SITE.\r\n<br>\r\n<br>\r\n<strong>2.\tSURVEILLANCE<\/strong>\r\n<br>\r\n<br>\r\nSoucieux de vous offrir un contenu de qualit\u00e9 sur le Site Web, Air Data se r\u00e9serve un droit de surveillance sur tout Contenu publi\u00e9 sur celui-ci par vous, le cas \u00e9ch\u00e9ant, afin d\u2019en assurer la conformit\u00e9 avec les pr\u00e9sentes Conditions. Par les pr\u00e9sentes, vous consentez \u00e0 une telle surveillance. \r\nNonobstant ce qui pr\u00e9c\u00e8de, Air Data ne fait aucune repr\u00e9sentation \u00e0 l\u2019effet que le Site Web sera surveill\u00e9 pour en d\u00e9terminer la conformit\u00e9 avec les pr\u00e9sentes Conditions ou qu\u2019elle posera quelconque geste en cas de m\u00e9sentente relativement \u00e0 la conformit\u00e9 avec les pr\u00e9sentes Conditions.\r\n<strong>3.\tT\u00c9MOINS (\u00ab COOKIES \u00bb)<\/strong>\r\n<br>\r\n<br>\r\nLes t\u00e9moins sont de petits fichiers texte transf\u00e9r\u00e9s par un serveur Web sur le disque dur de l\u2019utilisateur du Site Web. Air Data utilise les t\u00e9moins sur ses Sites Web notamment pour conserver vos emplacements recherch\u00e9s, vous permettre d\u2019y revenir rapidement la prochaine fois que vous visiterez le Site Web ainsi qu\u2019\u00e0 des fins publicitaires et promotionnelles. \r\n<br>\r\n<br>\r\nAucun autre renseignement n\u2019est recueilli lors de l\u2019utilisation de ces fonctions. Par contre, ces t\u00e9moins ne recueillent aucun renseignement personnel sur la personne qui les utilise.\r\n<br>\r\n<br>\r\nVous pouvez configurer votre navigateur pour qu\u2019il accepte les t\u00e9moins, pour qu\u2019il vous informe avant de les accepter ou encore pour qu\u2019il les refuse. Si vous refusez les t\u00e9moins, veuillez noter qu\u2019il se peut que certaines fonctions du Site Web, par exemple l\u2019enregistrement de vos pr\u00e9f\u00e9rences, ne soient pas disponibles.\r\n<br>\r\n<br>\r\n<strong>4.\tMODALIT\u00c9S RELATIVES AU CONTENU<\/strong>\r\n<br>\r\n<br>\r\n4.1\tLe Contenu du Site Web n\u2019est pas le reflet de l\u2019opinion de Air Data\r\nLes opinions, commentaires ou prises de positions contenus dans le Site Web ne repr\u00e9sentent que les opinions ou les prises de positions de leurs auteurs et en aucun temps ne doivent \u00eatre interpr\u00e9t\u00e9es comme \u00e9tant celles de Air Data ou de ses tiers fournisseurs. Vous reconnaissez que Air Data ou ses tiers fournisseurs ne peuvent \u00eatre tenus responsables et cons\u00e9quemment n\u2019ont aucune responsabilit\u00e9 relativement \u00e0 tout Contenu g\u00e9n\u00e9r\u00e9 par un utilisateur du Site Web, incluant notamment, tout Contenu diffamatoire, haineux ou autrement offensif, et ce nonobstant le fait que le contenu viole les pr\u00e9sentes Conditions.\r\n<br>\r\n<br>\r\n4.2\tSuppression de Contenu non conforme aux pr\u00e9sentes Conditions\r\nAir Data se r\u00e9serve le droit d\u2019effacer, \u00e0 sa seule discr\u00e9tion, tout Contenu qu\u2019elle juge contraire aux termes ou \u00e0 l\u2019esprit des pr\u00e9sentes Conditions, le tout, sans aucun pr\u00e9avis.\r\n<br>\r\n<br>\r\n<strong>5.\tCOMPORTEMENT DES UTILISATEURS<\/strong>\r\n<br>\r\n<br>\r\n5.1\tPiratage et r\u00e9troing\u00e9nierie\r\nVous vous engagez \u00e0 ne pas porter atteinte ou endommager le Site Web. Notamment, vous vous engagez \u00e0 ne pas surcharger, d\u00e9ranger, commettre d\u2019acte de piratage, modifier le code source du Site Web ou proc\u00e9der \u00e0 de la r\u00e9troing\u00e9nierie du Site Web ou de tout autre logiciel associ\u00e9. Au surplus, vous vous engagez \u00e0 ne pas nuire \u00e0 l\u2019utilisation du Site Web par les autres usagers.\r\n<br>\r\n<br>\r\n5.2\tAcc\u00e8s au Site Web\r\nVous vous engagez \u00e0 uniquement acc\u00e9der au Site Web par le biais du protocole http en utilisant un navigateur Internet. Vous vous engagez \u00e0 ne pas tenter d\u2019obtenir l\u2019acc\u00e8s aux serveurs de Air Data par quelconque fa\u00e7on, notamment par l\u2019utilisation du compte d\u2019administrateur. Vous vous engagez \u00e9galement \u00e0 ne pas exposer ou permettre que soit utilis\u00e9 tout Contenu du Site Web qui n\u2019est pas accessible publiquement.\r\n<br>\r\n<br>\r\n5.3\tUtilisation personnelle seulement\r\nL\u2019utilisation et la navigation sur notre Site Web sont uniquement pour votre usage personnel. Il vous est strictement interdit de pr\u00e9tendre \u00eatre un tiers en utilisant, en cr\u00e9ant un compte ou en naviguant sur notre Site Web. Vous vous engagez \u00e0 ne pas ouvrir plus d\u2019un compte sur le Site Web.\r\n<br>\r\n<br>\r\n5.4\tCollection d\u2019informations\r\nVous vous engagez \u00e0 ne pas utiliser de proc\u00e9d\u00e9s, logiciels ou autres moyens ou proc\u00e9d\u00e9s automatis\u00e9s ou manuels afin, notamment, d\u2019acc\u00e9der, de collecter des informations, de parcourir ou encore de balayer le Site Web. \r\n<br>\r\n<br>\r\n5.5\tUtilisation du Site Web dans un but autoris\u00e9 seulement\r\nVous vous engagez \u00e0 ne pas utiliser le Site Web dans un autre but, commercial ou autre, non express\u00e9ment autoris\u00e9 par les pr\u00e9sentes Conditions.\r\n<br>\r\n<br>\r\n<stron>6.\tPROPRI\u00c9T\u00c9 INTELLECTUELLE<\/strong>\r\n<br>\r\n<br>\r\n6.1\tConcession de licence en faveur de Air Data\r\nEn soumettant du Contenu sur le Site Web, vous nous accordez une licence illimit\u00e9e, perp\u00e9tuelle, transf\u00e9rable et non exclusive sur le Contenu ainsi publi\u00e9 sur le Site Web. Vous nous permettez de l\u2019afficher sur le Site Web. Le Contenu peut \u00eatre reproduit, r\u00e9utilis\u00e9, rediffus\u00e9 ou modifi\u00e9 de quelque mani\u00e8re ou sous quelque forme que ce soit, sans votre consentement pr\u00e9alable.\r\n<br>\r\n<br>\r\n6.2\tOctroi de licence par Air Data\r\nEn raison de votre navigation sur le Site Web, nous vous accordons une licence limit\u00e9e et non exclusive sur le Contenu, vous permettant de l\u2019afficher, de l\u2019imprimer, pour vos fins personnelles et non commerciales, ainsi que de le partager sur les diff\u00e9rents r\u00e9seaux sociaux, sous r\u00e9serve de votre engagement \u00e0 ne pas modifier le Contenu de quelque fa\u00e7on que ce soit. Toute autre utilisation du Contenu est interdite, notamment une utilisation contraire \u00e0 ce qui est pr\u00e9vu \u00e0 l\u2019article 1 ci-devant. Le Contenu ne peut \u00eatre reproduit, r\u00e9utilis\u00e9, rediffus\u00e9 de quelque mani\u00e8re ou sous quelque forme que ce soit autrement que celles permises en vertu des pr\u00e9sentes Conditions sans le consentement pr\u00e9alable \u00e9crit de Air Data.\r\n<br>\r\n<br>\r\n6.3\tMarques de commerce\r\nTout le Contenu du Site Web appartient \u00e0 Air Data ou appartient au titulaire identifi\u00e9 par cette derni\u00e8re, et est prot\u00e9g\u00e9 par les lois applicables, notamment les lois sur le droit d\u2019auteur. Il vous est strictement interdit de le copier, le reproduire, le publier, le rediffuser, le transmettre ou l\u2019utiliser d\u2019une quelconque mani\u00e8re sans notre consentement \u00e9crit pr\u00e9alable, autrement qu\u2019en conformit\u00e9 avec les pr\u00e9sentes Conditions.\r\nDe plus, toutes les marques de commerce, enregistr\u00e9es ou non, et tous les noms commerciaux contenus sur le pr\u00e9sent Site Web appartiennent \u00e0 Air Data ou au titulaire ayant valablement consenti une licence d\u2019utilisation.\r\n<br>\r\n<br>\r\n<strong>7.\tSITES WEB DE TIERCES PARTIES<\/strong>\r\n<br>\r\n<br>\r\n7.1\tConditions d\u2019utilisation et politique de protection des renseignements personnels\r\nVous reconnaissez que le Site Web peut faire l\u2019utilisation de sites Web de tierces parties, notamment Facebook, Twitter et Instagram. Ces sites Web sont r\u00e9gis par leurs propres conditions d\u2019utilisation, lesquelles n\u2019ont pas pour effet de remplacer ou d\u2019annuler les pr\u00e9sentes Conditions.\r\n<br>\r\n<br>\r\nVous trouverez les conditions d\u2019utilisation et les politiques de protection des renseignements personnels aux adresses suivantes :\r\n<br>\r\n<br>\r\nSite Web\t&#8211; Facebook\r\n<br>\r\nConditions d\u2019utilisation &#8211; https:\/\/www.facebook.com\/policies\/?ref=pf\r\n<br>\r\nPolitique de protection des renseignements personnels &#8211; https:\/\/www.facebook.com\/about\/privacy\/\r\n<br>\r\n<br>\r\nSite web &#8211; Youtube\t\r\n<br>\r\nConditions d\u2019utilisation &#8211; https:\/\/www.youtube.com\/t\/terms\r\n<br>\r\nPolitique de protection des renseignements personnels &#8211; https:\/\/policies.google.com\/privacy\r\n<br>\r\n<br>\r\nSite web &#8211; Instagram\r\n<br>\r\nConditions d\u2019utilisation &#8211; https:\/\/help.instagram.com\/581066165581870\r\n<br>\r\nPolitique de protection des renseignements personnels &#8211; https:\/\/help.instagram.com\/519522125107875\r\n<br>\r\n<br>\r\nVous reconnaissez que Air Data n\u2019a pas pris connaissance de ces politiques et ne peut fournir quelconques recommandations ou avis eut \u00e9gard \u00e0 leur contenu.\r\n<br>\r\n<br>\r\n7.2\tLiens\r\nNotre Site Web pourrait contenir des liens vers d\u2019autres sites Web dont des tiers sont propri\u00e9taires. \u00c0 cet \u00e9gard, vous reconnaissez que Air Data n\u2019exerce aucun contr\u00f4le sur ces sites Web et vous reconnaissez qu\u2019elle n\u2019a pas pris connaissance de tout le contenu disponible sur les sites Web, lesquels font l\u2019objet de liens dans le Contenu du Site Web. Par cons\u00e9quent, Air Data se d\u00e9gage de toute responsabilit\u00e9 relativement \u00e0 tout contenu de site Web sur lequel elle n\u2019exerce aucun contr\u00f4le. En acc\u00e9dant \u00e0 un site Web par le biais d\u2019un lien dans le Contenu du Site Web, vous agissez \u00e0 vos risques et p\u00e9rils.\r\n<br>\r\n<br>\r\nFinalement, vous reconnaissez que l\u2019inclusion de tels liens ne signifie absolument pas que Air Data commandite les marques de commerce, noms commerciaux, marques de service, dessins, logos, symboles ou autres \u00e9l\u00e9ments prot\u00e9g\u00e9s par droit d\u2019auteur affich\u00e9s sur ceux-ci, que Air Data y est affili\u00e9 ou associ\u00e9 ou que Air Data est l\u00e9galement autoris\u00e9 \u00e0 en faire usage.\r\n<br>\r\n<br>\r\n<strong>8.\tINDEMNISATION<\/strong>\r\n<br>\r\n<br>\r\nDans les limites permises par la loi, advenant toute r\u00e9clamation d\u2019un tiers \u00e0 l\u2019endroit de Air Data ou de ses repr\u00e9sentants ou mandataires en lien, directement ou indirectement, avec la violation des pr\u00e9sentes Conditions par vous, vous vous engagez \u00e0 prendre faits et cause pour Air Data et \u00e0 la tenir quitte et indemne de toute perte en lien avec de telles r\u00e9clamations, incluant les frais juridiques.\r\n<br>\r\n<br>\r\n<strong>9.\tEXCLUSION DE GARANTIES ET LIMITATION DE RESPONSABILIT\u00c9<\/strong>\r\n<br>\r\n<br>\r\nAIR DATA TENTE DE FOURNIR LE SITE WEB DANS UN CADRE S\u00c9CURIS\u00c9 ET DANS UN ENVIRONNEMENT SANS D\u00c9FAUT. N\u00c9ANMOINS, VOUS CONVENEZ QUE VOTRE UTILISATION DU SITE WEB ET VOS ACTES OU OMISSIONS BAS\u00c9S SUR L\u2019INFORMATION FOURNIE SUR LE SITE WEB SONT \u00c0 VOS PROPRES RISQUES. AIR DATA FOURNIT LE SITE WEB \u00ab TEL QUEL \u00bb, SANS GARANTIES EXPR\u00c8S OU IMPLICITES, Y COMPRIS LES GARANTIES IMPLICITES D\u2019EXACTITUDE DES INFORMATIONS. IL N\u2019Y A, \u00c9GALEMENT AUCUNE GARANTIE QUE LE SITE WEB EST EXEMPT D\u2019ERREURS OU QUE LE CELUI-CI FONCTIONNERA TOUJOURS SANS INTERRUPTION, RETARD OU IMPERFECTION. DANS LES LIMITES PERMISES PAR LA LOI, AIR DATA, N&rsquo;ASSUME AUCUNE RESPONSABILIT\u00c9 ENVERS VOUS OU TOUTE AUTRE PERSONNE RELATIVEMENT AUX PERTES ET AUX DOMMAGES QUELS QU&rsquo;ILS SOIENT, Y COMPRIS LES DOMMAGES SP\u00c9CIAUX OU INDIRECTS, QUE VOUS POURRIEZ SUBIR, DIRECTEMENT OU INDIRECTEMENT, EN RAISON DE L&rsquo;UTILISATION OU DU FONCTIONNEMENT DU PR\u00c9SENT SITE WEB, DES RENSEIGNEMENTS QUI Y FIGURENT, VOS ACTES OU OMISSIONS BAS\u00c9S SUR LES RENSEIGNEMENTS FOURNIS SUR LE SITE WEB OU DU CONTENU DE CELUI-CI OU DE TOUT AUTRE SITE WEB AUQUEL VOUS POURRIEZ ACC\u00c9DER PAR L&rsquo;ENTREMISE DU PR\u00c9SENT SITE WEB.\r\n<br>\r\n<br>\r\n<strong>10.\tDISPOSITIONS G\u00c9N\u00c9RALES<\/strong>\r\n<br>\r\n<br>\r\n10.1\tD\u00e9faut\r\nLe d\u00e9faut ou retard par Air Data d&rsquo;exercer un droit, recours ou privil\u00e8ge en vertu des pr\u00e9sentes Conditions ne comportera pas une renonciation \u00e0 tel droit, recours ou privil\u00e8ge. De m\u00eame, Air Data n\u2019est aucunement forclose d&rsquo;exercer ult\u00e9rieurement un droit, recours ou privil\u00e8ge qu\u2019elle n&rsquo;aurait pas ant\u00e9rieurement exerc\u00e9, en tout ou en partie.\r\n<br>\r\n<br>\r\n10.2\tDroit applicable\r\nCes Conditions, leur interpr\u00e9tation, leur ex\u00e9cution, leur application, leur validit\u00e9 et leurs effets sont assujettis aux lois qui sont en vigueur dans la province de Qu\u00e9bec ainsi qu\u2019aux lois en vigueur au Canada s\u2019appliquant dans la province de Qu\u00e9bec r\u00e9gissant en partie ou en totalit\u00e9 l&rsquo;ensemble des dispositions qu\u2019elles contiennent. Dans les limites permises par la loi, toute r\u00e9clamation, directement ou indirectement, en vertu des pr\u00e9sentes seront soumises \u00e0 la comp\u00e9tence exclusive des tribunaux du Qu\u00e9bec, \u00e0 l\u2019exclusion des tribunaux de toute autre juridiction.\r\n<br>\r\n<br>\r\n10.3\tModification\r\nAir Data se r\u00e9serve le droit, \u00e0 sa seule discr\u00e9tion, de modifier en tout temps et sans pr\u00e9avis le Site Web, le Contenu et les pr\u00e9sentes Conditions. D\u00e8s lors que des modifications seront effectu\u00e9es aux Conditions, Air Data s\u2019engage \u00e0 modifier la date de derni\u00e8re mise \u00e0 jour figurant ci-haut. En continuant de naviguer sur le Site Web, vous acceptez d\u2019\u00eatre li\u00e9 par les pr\u00e9sentes Conditions, incluant toute modification y ayant \u00e9t\u00e9 apport\u00e9e. Dans le cas contraire, votre seul recours est de cesser d\u2019utiliser le Site Web.<\/p>\n                \n                \n                            <\/section>\n                    <\/div>\n    \n\n\n<\/section>\n","protected":false},"excerpt":{"rendered":"","protected":false},"author":1,"featured_media":0,"parent":0,"menu_order":0,"comment_status":"closed","ping_status":"closed","template":"views\/template-menu-2.blade.php","meta":{"_acf_changed":false,"footnotes":""},"class_list":["post-1257","page","type-page","status-publish","hentry"],"acf":[],"yoast_head":"<!-- This site is optimized with the Yoast SEO plugin v23.7 - https:\/\/yoast.com\/wordpress\/plugins\/seo\/ -->\n<title>Termes et conditions | Air Data<\/title>\n<meta name=\"robots\" content=\"index, follow, max-snippet:-1, max-image-preview:large, max-video-preview:-1\" \/>\n<link rel=\"canonical\" href=\"https:\/\/airdata.ca\/fr\/termes-et-conditions\/\" \/>\n<meta property=\"og:locale\" content=\"fr_FR\" \/>\n<meta property=\"og:type\" content=\"article\" \/>\n<meta property=\"og:title\" content=\"Termes et conditions | Air Data\" \/>\n<meta property=\"og:url\" content=\"https:\/\/airdata.ca\/fr\/termes-et-conditions\/\" \/>\n<meta property=\"og:site_name\" content=\"AirData\" \/>\n<meta property=\"article:modified_time\" content=\"2021-08-10T18:03:53+00:00\" \/>\n<meta name=\"twitter:card\" content=\"summary_large_image\" \/>\n<script type=\"application\/ld+json\" class=\"yoast-schema-graph\">{\"@context\":\"https:\/\/schema.org\",\"@graph\":[{\"@type\":\"WebPage\",\"@id\":\"https:\/\/airdata.ca\/fr\/termes-et-conditions\/\",\"url\":\"https:\/\/airdata.ca\/fr\/termes-et-conditions\/\",\"name\":\"Termes et conditions | Air Data\",\"isPartOf\":{\"@id\":\"https:\/\/airdata.ca\/fr\/#website\"},\"datePublished\":\"2021-07-21T15:26:38+00:00\",\"dateModified\":\"2021-08-10T18:03:53+00:00\",\"breadcrumb\":{\"@id\":\"https:\/\/airdata.ca\/fr\/termes-et-conditions\/#breadcrumb\"},\"inLanguage\":\"fr-FR\",\"potentialAction\":[{\"@type\":\"ReadAction\",\"target\":[\"https:\/\/airdata.ca\/fr\/termes-et-conditions\/\"]}]},{\"@type\":\"BreadcrumbList\",\"@id\":\"https:\/\/airdata.ca\/fr\/termes-et-conditions\/#breadcrumb\",\"itemListElement\":[{\"@type\":\"ListItem\",\"position\":1,\"name\":\"Home\",\"item\":\"https:\/\/airdata.ca\/fr\/\"},{\"@type\":\"ListItem\",\"position\":2,\"name\":\"Termes et conditions\"}]},{\"@type\":\"WebSite\",\"@id\":\"https:\/\/airdata.ca\/fr\/#website\",\"url\":\"https:\/\/airdata.ca\/fr\/\",\"name\":\"AirData\",\"description\":\"Just another WordPress site\",\"potentialAction\":[{\"@type\":\"SearchAction\",\"target\":{\"@type\":\"EntryPoint\",\"urlTemplate\":\"https:\/\/airdata.ca\/fr\/?s={search_term_string}\"},\"query-input\":{\"@type\":\"PropertyValueSpecification\",\"valueRequired\":true,\"valueName\":\"search_term_string\"}}],\"inLanguage\":\"fr-FR\"}]}<\/script>\n<!-- \/ Yoast SEO plugin. -->","yoast_head_json":{"title":"Termes et conditions | Air Data","robots":{"index":"index","follow":"follow","max-snippet":"max-snippet:-1","max-image-preview":"max-image-preview:large","max-video-preview":"max-video-preview:-1"},"canonical":"https:\/\/airdata.ca\/fr\/termes-et-conditions\/","og_locale":"fr_FR","og_type":"article","og_title":"Termes et conditions | Air Data","og_url":"https:\/\/airdata.ca\/fr\/termes-et-conditions\/","og_site_name":"AirData","article_modified_time":"2021-08-10T18:03:53+00:00","twitter_card":"summary_large_image","schema":{"@context":"https:\/\/schema.org","@graph":[{"@type":"WebPage","@id":"https:\/\/airdata.ca\/fr\/termes-et-conditions\/","url":"https:\/\/airdata.ca\/fr\/termes-et-conditions\/","name":"Termes et conditions | Air Data","isPartOf":{"@id":"https:\/\/airdata.ca\/fr\/#website"},"datePublished":"2021-07-21T15:26:38+00:00","dateModified":"2021-08-10T18:03:53+00:00","breadcrumb":{"@id":"https:\/\/airdata.ca\/fr\/termes-et-conditions\/#breadcrumb"},"inLanguage":"fr-FR","potentialAction":[{"@type":"ReadAction","target":["https:\/\/airdata.ca\/fr\/termes-et-conditions\/"]}]},{"@type":"BreadcrumbList","@id":"https:\/\/airdata.ca\/fr\/termes-et-conditions\/#breadcrumb","itemListElement":[{"@type":"ListItem","position":1,"name":"Home","item":"https:\/\/airdata.ca\/fr\/"},{"@type":"ListItem","position":2,"name":"Termes et conditions"}]},{"@type":"WebSite","@id":"https:\/\/airdata.ca\/fr\/#website","url":"https:\/\/airdata.ca\/fr\/","name":"AirData","description":"Just another WordPress site","potentialAction":[{"@type":"SearchAction","target":{"@type":"EntryPoint","urlTemplate":"https:\/\/airdata.ca\/fr\/?s={search_term_string}"},"query-input":{"@type":"PropertyValueSpecification","valueRequired":true,"valueName":"search_term_string"}}],"inLanguage":"fr-FR"}]}},"_links":{"self":[{"href":"https:\/\/airdata.ca\/fr\/wp-json\/wp\/v2\/pages\/1257"}],"collection":[{"href":"https:\/\/airdata.ca\/fr\/wp-json\/wp\/v2\/pages"}],"about":[{"href":"https:\/\/airdata.ca\/fr\/wp-json\/wp\/v2\/types\/page"}],"author":[{"embeddable":true,"href":"https:\/\/airdata.ca\/fr\/wp-json\/wp\/v2\/users\/1"}],"replies":[{"embeddable":true,"href":"https:\/\/airdata.ca\/fr\/wp-json\/wp\/v2\/comments?post=1257"}],"version-history":[{"count":12,"href":"https:\/\/airdata.ca\/fr\/wp-json\/wp\/v2\/pages\/1257\/revisions"}],"predecessor-version":[{"id":2491,"href":"https:\/\/airdata.ca\/fr\/wp-json\/wp\/v2\/pages\/1257\/revisions\/2491"}],"wp:attachment":[{"href":"https:\/\/airdata.ca\/fr\/wp-json\/wp\/v2\/media?parent=1257"}],"curies":[{"name":"wp","href":"https:\/\/api.w.org\/{rel}","templated":true}]}}