{"id":1220,"date":"2021-07-21T14:58:35","date_gmt":"2021-07-21T14:58:35","guid":{"rendered":"https:\/\/airdata.ca\/?page_id=1220"},"modified":"2021-08-10T18:03:25","modified_gmt":"2021-08-10T18:03:25","slug":"politique-de-confidentialite","status":"publish","type":"page","link":"https:\/\/airdata.ca\/fr\/politique-de-confidentialite\/","title":{"rendered":"Politique de confidentialit\u00e9"},"content":{"rendered":"<section data-id=\"block_60f1e0c60de69\" class=\"block-header-simple header-simplewide display2 c-sa sa\">\n\n    <div class=\"pretitle-and-title\">\n        \n                    <h1 class=\"block-header-simple__title title1\">Politique de confidentialit\u00e9<\/h1>\n            <\/div>\n    \n    <div class=\"image-and-desc\">\n\n        <div class=\"image-header\"><\/div>\n\n            <\/div>\n\n    \n<\/section>\n\n<style>\n    .image-header{\n        background-image: url(''); \n    }\n\n    @media  screen and (min-width: 992px){\n        .image-header{\n            background-image: url(''); \n        }\n    }\n<\/style>\n\n\n<section data-id=\"block_60f1e1a70de6a\" class=\"block-text textwide display1 c-sa sa\">\n    \n    \n    \n                    <h2 class=\"block-text__title title2\"><span class=\"gradient\">Politique sur la protection des renseignements personnels<\/span><\/h2>\n                \n        <div class=\"row\">\n            <section class=\"left-content\">\n                                    <p class=\"block-text__description paragraph1\">Air Data inc. et ses filiales (\u00ab Air Data \u00bb) accordent beaucoup d\u2019importance au respect de la vie priv\u00e9e de leurs clients, de leurs employ\u00e9s et de leurs fournisseurs. C\u2019est pour cette raison que Air Data a mis en place la pr\u00e9sente politique de respect de la vie priv\u00e9e (\u00ab Politique \u00bb) ayant comme objectif d\u2019encadrer les pratiques de Air Data en mati\u00e8re de collecte, d&rsquo;utilisation et de communication de renseignements personnels.\r\n<br>\r\n<br>\r\nLa pr\u00e9sente Politique fait \u00e9tat de la mani\u00e8re dont Air Data collecte, utilise, communique et prot\u00e8ge vos renseignements personnels. Nos pratiques en mati\u00e8re de respect de vos renseignements personnels sont conformes \u00e0 Loi sur la Protection des renseignements personnels dans le secteur priv\u00e9 du Qu\u00e9bec (ci-apr\u00e8s d\u00e9sign\u00e9e \u00ab PRPSP \u00bb). Cette politique ne s&rsquo;applique pas aux renseignements qui ne constituent pas des \u00ab renseignements personnels \u00bb au sens des lois applicables sur le respect de la vie priv\u00e9e.\r\n<br>\r\n<br>\r\n<strong>1.\tCOLLECTE ET UTILISATION DES RENSEIGNEMENTS PERSONNELS<\/strong>\r\n<br>\r\n<br>\r\nNous pouvons vous demander des renseignements personnels :\r\n<br>\r\n<br>\r\n\u2022 lorsque vous demandez de l&rsquo;information relativement \u00e0 l&rsquo;un de nos produits et services;<br>\r\n\u2022 lorsque vous faites affaires avec nous relativement \u00e0 l\u2019un de nos produits et services;<br>\r\n\u2022 lorsque vous communiquez avec le service \u00e0 la client\u00e8le ou le services d\u2019approvisionnement de Air Data ou avec l\u2019un des employ\u00e9s ou professionnels de Air Data;<br>\r\n\u2022 lorsque vous visitez l\u2019un des sites web de Air Data;<br>\r\n\u2022 lorsque vous nous faites des commentaires ou des suggestions.\r\n<br>\r\n<br>\r\n<strong>2.\tUTILISATION DE RENSEIGNEMENTS PERSONNELS<\/strong>\r\n<br>\r\n<br>\r\nAir Data peut utiliser des renseignements personnels aux fins suivantes :\r\n<br>\r\n<br>\r\n\u2022 identifier des clients, des employ\u00e9s et des fournisseurs afin d\u2019\u00e9tablir et maintenir des relations avec eux;<br>\r\n\u2022 fournir des services continus aux clients afin d\u2019assurer la prestation des services offerts de mani\u00e8re appropri\u00e9e dans le but de mieux orienter les clients lors de l\u2019utilisation de nos services;<br>\r\n\u2022 am\u00e9liorer nos produits et services;<br>\r\n\u2022 pr\u00e9venir les erreurs et la fraude;<br>\r\n\u2022 respecter les exigences l\u00e9gales et les exigences en mati\u00e8re de v\u00e9rification;<br>\r\n\u2022 communiquer avec des clients et fournisseurs \u00e0 leur demande;<br>\r\n\u2022 \u00e9tablir un profil des utilisateurs dans le but de mieux cibler ses publicit\u00e9s;<br>\r\n\u2022 communiquer de nouvelles offres de produits et services ou autres informations relatifs \u00e0 Air Data;<br>\r\n\u2022 communiquer des invitations \u00e0 des activit\u00e9s ou \u00e9v\u00e9nements;\r\n<br>\r\n<br>\r\nAir Data peut aussi utiliser des renseignements personnels afin d&rsquo;\u00e9tablir des statistiques sur notre entreprise. Ces statistiques ne contiennent aucune donn\u00e9e permettant d&rsquo;identifier personnellement des clients, des employ\u00e9s ou des fournisseurs.\r\n<br>\r\n<br>\r\n<strong>3.\tAUTRES UTILISATIONS DES RENSEIGNEMENTS PERSONNELS<\/strong>\r\n<br>\r\n<br>\r\nSi la totalit\u00e9 ou une partie des actifs d\u2019Air Data \u00e9tait vendue ou faisait l&rsquo;objet d&rsquo;un financement, ou si Air Data fusionnait avec une autre soci\u00e9t\u00e9, les renseignements personnels en sa possession pourraient \u00eatre communiqu\u00e9s au pr\u00eateur, \u00e0 l&rsquo;acheteur ou \u00e0 la soci\u00e9t\u00e9 participant \u00e0 la fusion. Toutefois ces renseignements personnels devraient \u00eatre utilis\u00e9s en stricte conformit\u00e9 avec la pr\u00e9sente Politique.\r\n<br>\r\n<br>\r\n<strong>4.\tTRANSFERTS \u00c0 DES TIERCES PERSONNES ET\/OU MANDATAIRES<\/strong>\r\n<br>\r\n<br>\r\nCertains produits et services offerts par l&rsquo;entremise de Air Data peuvent \u00eatre fournis par des tiers en collaboration avec Air Data. Afin de vous fournir les produits ou services que vous nous demandez, il se peut que nous devions transf\u00e9rer des renseignements \u00e0 votre sujet \u00e0 ces tiers.\r\n<br>\r\n<br>\r\nLorsque Air Data doit transf\u00e9rer des renseignements personnels \u00e0 des tiers \u00e0 des fins de traitement pour son compte, Air Data signe une convention pr\u00e9voyant des dispositions appropri\u00e9es en mati\u00e8re de protection de la vie priv\u00e9e avant que tout renseignement ne soit transf\u00e9r\u00e9 au tiers. Ces dispositions doivent pr\u00e9voir que le tiers n&rsquo;utilisera pas ces renseignements personnels \u00e0 ses propres fins, qu&rsquo;il les prot\u00e9gera et qu&rsquo;il ne traitera les renseignements que selon les directives de Air Data.\r\n<br>\r\n<br>\r\nDe plus, l&rsquo;utilisation de certains produits de tiers afin d&rsquo;acheter des produits ou services aupr\u00e8s de Air Data peut nous obliger \u00e0 fournir vos renseignements personnels \u00e0 des tiers afin de traiter la transaction.\r\n<br>\r\n<br>\r\n<strong>5.\tACC\u00c8S \u00c0 VOS RENSEIGNEMENTS PERSONNELS ET MODIFICATIONS<\/strong>\r\n<br>\r\n<br>\r\nVos demandes d&rsquo;acc\u00e8s \u00e0 vos renseignements personnels en la possession de Air Data doivent \u00eatre adress\u00e9es au responsable du respect de la vie priv\u00e9e de Air Data aux coordonn\u00e9es suivantes :\r\n<br>\r\n<br>\r\n\u2022 par t\u00e9l\u00e9phone : \t514 344-1674 ext. 105<br>\r\n\u2022 par courriel : \tjpdurand@airdata.ca <br>\r\n\u2022 par la poste: \t5930, ch. de la C\u00f4te-de-Liesse, Mont-Royal (Qu\u00e9bec) H4T 1C9, le tout \u00e0 l\u2019attention de M. Jean-Pierre Durand\r\n<br>\r\n<br>\r\nAfin de nous assurer que les renseignements sont communiqu\u00e9s \u00e0 la bonne personne, il peut vous \u00eatre demand\u00e9 de fournir un document d&rsquo;identification appropri\u00e9 ou de vous identifier autrement.\r\n<br>\r\n<br>\r\nVous pouvez mettre \u00e0 jour ou rectifier tout renseignement personnel \u00e0 votre sujet que Air Data d\u00e9tient en faisant la demande par \u00e9crit aupr\u00e8s du responsable du respect de la vie priv\u00e9e de Air Data. \r\n<br>\r\n<br>\r\n<strong>6.\tCONSENTEMENT<\/strong>\r\n<br>\r\n<br>\r\nVous pouvez retirer votre consentement \u00e0 ce que Air Data utilise ou communique vos renseignements personnels en faisant la demande aupr\u00e8s du responsable du respect de la vie priv\u00e9e aux coordonn\u00e9es suivantes :\r\n<br>\r\n<br>\r\n\u2022 par t\u00e9l\u00e9phone : \t514 344-1674 ext. 105<br>\r\n\u2022 par courriel : \tjpdurand@airdata.ca<br>\r\n\u2022 par la poste: \t5930, ch. de la C\u00f4te-de-Liesse, Mont-Royal (Qu\u00e9bec) H4T 1C9, le tout \u00e0 l\u2019attention de M. Jean-Pierre Durand\r\n<br>\r\n<br>\r\nIl peut vous \u00eatre demand\u00e9 de fournir un document d&rsquo;identification appropri\u00e9 ou de vous identifier autrement.\r\n<br>\r\n<br>\r\nDans certaines circonstances, le retrait du consentement de quelqu&rsquo;un \u00e0 l&rsquo;utilisation ou \u00e0 la communication de certains renseignements personnels peut faire en sorte que Air Data ne soit plus en mesure de lui fournir certains produits ou services. \r\n<br>\r\n<br>\r\n<strong>7.\tCONSERVATION DES RENSEIGNEMENTS PERSONNELS<\/strong>\r\n<br>\r\n<br>\r\nAir Data conserve les renseignements personnels pendant la dur\u00e9e n\u00e9cessaire pour traiter les transactions vis\u00e9es par ceux-ci conform\u00e9ment aux lois et r\u00e8glements, notamment toutes obligations d\u00e9ontologiques, en vigueur dans la province de Qu\u00e9bec. \r\n<br>\r\n<br>\r\nTous les renseignements personnels recueillis par Air Data sont prot\u00e9g\u00e9s par des mesures de s\u00e9curit\u00e9 raisonnable propres \u00e0 assurer leur protection compte tenu de leur sensibilit\u00e9. Les renseignements personnels conserv\u00e9s sur un support \u00e9lectronique, y compris tous les renseignements recueillis par l&rsquo;entremise des sites web de Air Data, sont conserv\u00e9s dans des banques de donn\u00e9es confidentielles prot\u00e9g\u00e9es. Air Data \u00e9value son \u00e9quipement et ses proc\u00e9dures de s\u00e9curit\u00e9 r\u00e9guli\u00e8rement et les modifie si n\u00e9cessaire.<\/p>\n                \n                \n                            <\/section>\n                    <\/div>\n    \n\n\n<\/section>\n","protected":false},"excerpt":{"rendered":"","protected":false},"author":1,"featured_media":0,"parent":0,"menu_order":0,"comment_status":"closed","ping_status":"closed","template":"views\/template-menu-2.blade.php","meta":{"_acf_changed":false,"footnotes":""},"class_list":["post-1220","page","type-page","status-publish","hentry"],"acf":[],"yoast_head":"<!-- This site is optimized with the Yoast SEO plugin v23.7 - https:\/\/yoast.com\/wordpress\/plugins\/seo\/ -->\n<title>Politique de confidentialit\u00e9 | Air Data<\/title>\n<meta name=\"robots\" content=\"index, follow, max-snippet:-1, max-image-preview:large, max-video-preview:-1\" \/>\n<link rel=\"canonical\" href=\"https:\/\/airdata.ca\/fr\/politique-de-confidentialite\/\" \/>\n<meta property=\"og:locale\" content=\"fr_FR\" \/>\n<meta property=\"og:type\" content=\"article\" \/>\n<meta property=\"og:title\" content=\"Politique de confidentialit\u00e9 | Air Data\" \/>\n<meta property=\"og:url\" content=\"https:\/\/airdata.ca\/fr\/politique-de-confidentialite\/\" \/>\n<meta property=\"og:site_name\" content=\"AirData\" \/>\n<meta property=\"article:modified_time\" content=\"2021-08-10T18:03:25+00:00\" \/>\n<meta name=\"twitter:card\" content=\"summary_large_image\" \/>\n<script type=\"application\/ld+json\" class=\"yoast-schema-graph\">{\"@context\":\"https:\/\/schema.org\",\"@graph\":[{\"@type\":\"WebPage\",\"@id\":\"https:\/\/airdata.ca\/fr\/politique-de-confidentialite\/\",\"url\":\"https:\/\/airdata.ca\/fr\/politique-de-confidentialite\/\",\"name\":\"Politique de confidentialit\u00e9 | Air Data\",\"isPartOf\":{\"@id\":\"https:\/\/airdata.ca\/fr\/#website\"},\"datePublished\":\"2021-07-21T14:58:35+00:00\",\"dateModified\":\"2021-08-10T18:03:25+00:00\",\"breadcrumb\":{\"@id\":\"https:\/\/airdata.ca\/fr\/politique-de-confidentialite\/#breadcrumb\"},\"inLanguage\":\"fr-FR\",\"potentialAction\":[{\"@type\":\"ReadAction\",\"target\":[\"https:\/\/airdata.ca\/fr\/politique-de-confidentialite\/\"]}]},{\"@type\":\"BreadcrumbList\",\"@id\":\"https:\/\/airdata.ca\/fr\/politique-de-confidentialite\/#breadcrumb\",\"itemListElement\":[{\"@type\":\"ListItem\",\"position\":1,\"name\":\"Home\",\"item\":\"https:\/\/airdata.ca\/fr\/\"},{\"@type\":\"ListItem\",\"position\":2,\"name\":\"Politique de confidentialit\u00e9\"}]},{\"@type\":\"WebSite\",\"@id\":\"https:\/\/airdata.ca\/fr\/#website\",\"url\":\"https:\/\/airdata.ca\/fr\/\",\"name\":\"AirData\",\"description\":\"Just another WordPress site\",\"potentialAction\":[{\"@type\":\"SearchAction\",\"target\":{\"@type\":\"EntryPoint\",\"urlTemplate\":\"https:\/\/airdata.ca\/fr\/?s={search_term_string}\"},\"query-input\":{\"@type\":\"PropertyValueSpecification\",\"valueRequired\":true,\"valueName\":\"search_term_string\"}}],\"inLanguage\":\"fr-FR\"}]}<\/script>\n<!-- \/ Yoast SEO plugin. -->","yoast_head_json":{"title":"Politique de confidentialit\u00e9 | Air Data","robots":{"index":"index","follow":"follow","max-snippet":"max-snippet:-1","max-image-preview":"max-image-preview:large","max-video-preview":"max-video-preview:-1"},"canonical":"https:\/\/airdata.ca\/fr\/politique-de-confidentialite\/","og_locale":"fr_FR","og_type":"article","og_title":"Politique de confidentialit\u00e9 | Air Data","og_url":"https:\/\/airdata.ca\/fr\/politique-de-confidentialite\/","og_site_name":"AirData","article_modified_time":"2021-08-10T18:03:25+00:00","twitter_card":"summary_large_image","schema":{"@context":"https:\/\/schema.org","@graph":[{"@type":"WebPage","@id":"https:\/\/airdata.ca\/fr\/politique-de-confidentialite\/","url":"https:\/\/airdata.ca\/fr\/politique-de-confidentialite\/","name":"Politique de confidentialit\u00e9 | Air Data","isPartOf":{"@id":"https:\/\/airdata.ca\/fr\/#website"},"datePublished":"2021-07-21T14:58:35+00:00","dateModified":"2021-08-10T18:03:25+00:00","breadcrumb":{"@id":"https:\/\/airdata.ca\/fr\/politique-de-confidentialite\/#breadcrumb"},"inLanguage":"fr-FR","potentialAction":[{"@type":"ReadAction","target":["https:\/\/airdata.ca\/fr\/politique-de-confidentialite\/"]}]},{"@type":"BreadcrumbList","@id":"https:\/\/airdata.ca\/fr\/politique-de-confidentialite\/#breadcrumb","itemListElement":[{"@type":"ListItem","position":1,"name":"Home","item":"https:\/\/airdata.ca\/fr\/"},{"@type":"ListItem","position":2,"name":"Politique de confidentialit\u00e9"}]},{"@type":"WebSite","@id":"https:\/\/airdata.ca\/fr\/#website","url":"https:\/\/airdata.ca\/fr\/","name":"AirData","description":"Just another WordPress site","potentialAction":[{"@type":"SearchAction","target":{"@type":"EntryPoint","urlTemplate":"https:\/\/airdata.ca\/fr\/?s={search_term_string}"},"query-input":{"@type":"PropertyValueSpecification","valueRequired":true,"valueName":"search_term_string"}}],"inLanguage":"fr-FR"}]}},"_links":{"self":[{"href":"https:\/\/airdata.ca\/fr\/wp-json\/wp\/v2\/pages\/1220"}],"collection":[{"href":"https:\/\/airdata.ca\/fr\/wp-json\/wp\/v2\/pages"}],"about":[{"href":"https:\/\/airdata.ca\/fr\/wp-json\/wp\/v2\/types\/page"}],"author":[{"embeddable":true,"href":"https:\/\/airdata.ca\/fr\/wp-json\/wp\/v2\/users\/1"}],"replies":[{"embeddable":true,"href":"https:\/\/airdata.ca\/fr\/wp-json\/wp\/v2\/comments?post=1220"}],"version-history":[{"count":20,"href":"https:\/\/airdata.ca\/fr\/wp-json\/wp\/v2\/pages\/1220\/revisions"}],"predecessor-version":[{"id":2487,"href":"https:\/\/airdata.ca\/fr\/wp-json\/wp\/v2\/pages\/1220\/revisions\/2487"}],"wp:attachment":[{"href":"https:\/\/airdata.ca\/fr\/wp-json\/wp\/v2\/media?parent=1220"}],"curies":[{"name":"wp","href":"https:\/\/api.w.org\/{rel}","templated":true}]}}