{"id":1194,"date":"2021-07-21T13:27:28","date_gmt":"2021-07-21T13:27:28","guid":{"rendered":"https:\/\/airdata.ca\/?page_id=1194"},"modified":"2021-08-10T18:40:40","modified_gmt":"2021-08-10T18:40:40","slug":"soutien","status":"publish","type":"page","link":"https:\/\/airdata.ca\/fr\/soutien\/","title":{"rendered":"Soutien"},"content":{"rendered":"<section data-id=\"block_60f1d1bf90088\" class=\"block-header-simple header-simplewide display1 c-sa sa\">\n\n    <div class=\"pretitle-and-title\">\n                    <p class=\"block-header-simple__pretitle eyebrow\">Soutien lors du cycle de vie des produits et syst\u00e8mes d\u2019Air Data<\/p>\n        \n                    <h1 class=\"block-header-simple__title title1\">Nos sp\u00e9cialistes du support technique sont <span class=\"gradient\">pr\u00eats \u00e0 vous aider<\/span><\/h1>\n            <\/div>\n    \n    <div class=\"image-and-desc\">\n\n        <div class=\"image-header\"><\/div>\n\n                    <p class=\"block-header-simple__description paragraph1\">L\u2019\u00e9quipe de support Air Data est disponible pour r\u00e9pondre \u00e0 toute difficult\u00e9 technique ou demande de soutien.<\/p>\n            <\/div>\n\n    \n<\/section>\n\n<style>\n    .image-header{\n        background-image: url('https:\/\/airdata.ca\/app\/uploads\/2021\/07\/paul-cuad-NleUzPrsL1k-unsplash-1-min.jpg'); \n    }\n\n    @media  screen and (min-width: 992px){\n        .image-header{\n            background-image: url('https:\/\/airdata.ca\/app\/uploads\/2021\/07\/paul-cuad-NleUzPrsL1k-unsplash-1-min.jpg'); \n        }\n    }\n<\/style>\n\n\n<section data-id=\"block_60f1cbab191ad\" class=\"block-text textwide display2 c-sa sa\">\n    \n    \n            <div class=\"row\">\n            <section class=\"left-content\">\n                                    <h2 class=\"block-text__title title2\">Solutions cl\u00e9 en main<\/h2>\n                            <\/section>\n                            <section class=\"right-content bullets\">\n                                            <div class=\"block-text__b\">\n                            <svg viewBox=\"0 0 14 12\" fill=\"none\" xmlns=\"http:\/\/www.w3.org\/2000\/svg\">\n                                <path d=\"M13.5303 6.53033C13.8232 6.23744 13.8232 5.76256 13.5303 5.46967L8.75736 0.6967C8.46447 0.403807 7.98959 0.403807 7.6967 0.6967C7.40381 0.989593 7.40381 1.46447 7.6967 1.75736L11.9393 6L7.6967 10.2426C7.40381 10.5355 7.40381 11.0104 7.6967 11.3033C7.98959 11.5962 8.46447 11.5962 8.75736 11.3033L13.5303 6.53033ZM-6.5567e-08 6.75L13 6.75L13 5.25L6.5567e-08 5.25L-6.5567e-08 6.75Z\" fill=\"#376996\"\/>\n                            <\/svg>                        \n                            <p class=\"block-text__bullet paragraph2\">Pour la mise \u00e0 niveau et la r\u00e9paration pour tous les produits,  nous travaillons en partenariat avec vous pour tout ce que nous fabriquons.<\/p>\n                        <\/div>\n                                            <div class=\"block-text__b\">\n                            <svg viewBox=\"0 0 14 12\" fill=\"none\" xmlns=\"http:\/\/www.w3.org\/2000\/svg\">\n                                <path d=\"M13.5303 6.53033C13.8232 6.23744 13.8232 5.76256 13.5303 5.46967L8.75736 0.6967C8.46447 0.403807 7.98959 0.403807 7.6967 0.6967C7.40381 0.989593 7.40381 1.46447 7.6967 1.75736L11.9393 6L7.6967 10.2426C7.40381 10.5355 7.40381 11.0104 7.6967 11.3033C7.98959 11.5962 8.46447 11.5962 8.75736 11.3033L13.5303 6.53033ZM-6.5567e-08 6.75L13 6.75L13 5.25L6.5567e-08 5.25L-6.5567e-08 6.75Z\" fill=\"#376996\"\/>\n                            <\/svg>                        \n                            <p class=\"block-text__bullet paragraph2\">Une assistance compl\u00e8te du d\u00e9but \u00e0 la fin. Nous sommes toujours l\u00e0 pour vous.<\/p>\n                        <\/div>\n                                            <div class=\"block-text__b\">\n                            <svg viewBox=\"0 0 14 12\" fill=\"none\" xmlns=\"http:\/\/www.w3.org\/2000\/svg\">\n                                <path d=\"M13.5303 6.53033C13.8232 6.23744 13.8232 5.76256 13.5303 5.46967L8.75736 0.6967C8.46447 0.403807 7.98959 0.403807 7.6967 0.6967C7.40381 0.989593 7.40381 1.46447 7.6967 1.75736L11.9393 6L7.6967 10.2426C7.40381 10.5355 7.40381 11.0104 7.6967 11.3033C7.98959 11.5962 8.46447 11.5962 8.75736 11.3033L13.5303 6.53033ZM-6.5567e-08 6.75L13 6.75L13 5.25L6.5567e-08 5.25L-6.5567e-08 6.75Z\" fill=\"#376996\"\/>\n                            <\/svg>                        \n                            <p class=\"block-text__bullet paragraph2\">Avec un inventaire strat\u00e9gique, la solution est toujours notre objectif.<\/p>\n                        <\/div>\n                                    <\/section>\n                    <\/div>\n    \n\n\n<\/section>\n\n\n<section data-id=\"block_60f1d2b676a22\" class=\"block-boxes boxeswide c-sa sa\">\n    \n    <div class=\"content\">\n\n        \n                    <h2 class=\"block-boxes__title title2\">Certifications de support d\u2019Air Data<\/h2>\n        \n                    <div class=\"boxes-content\">\n                                    <div class=\"single-box\">\n\n                                                    <h4 class=\"box-title all-caps-2\">Transport Canada<\/h4>\n                        \n                                                    <p class=\"box-description paragraph2\">Organisme de maintenance autoris\u00e9 (OMA)<\/p>\n                        \n                    <\/div>\n                                    <div class=\"single-box\">\n\n                                                    <h4 class=\"box-title all-caps-2\">R\u00e8glement de l&rsquo;aviation canadien<\/h4>\n                        \n                                                    <p class=\"box-description paragraph2\">RAC Chapitre 573<\/p>\n                        \n                    <\/div>\n                                    <div class=\"single-box\">\n\n                                                    <h4 class=\"box-title all-caps-2\">Autre<\/h4>\n                        \n                                                    <p class=\"box-description paragraph2\">Comparable \u00e0 FAA Part 145 et EASA Part 145<\/p>\n                        \n                    <\/div>\n                            <\/div>\n            <\/div>\n\n<\/section>\n\n\n<section data-id=\"block_60f1cd15191b6\" class=\"block-links linkswide c-sa sa\">\n\n            <figure>\n            <img decoding=\"async\" loading=\"lazy\" src=\"https:\/\/airdata.ca\/app\/uploads\/2021\/07\/william-topa-7_4bU5tHRLQ-unsplash-1-min.jpg\" alt=\"Aircraft cockpit with Air Data avionics and aviation power solutions\">\n        <\/figure>\n    \n    <section class=\"text-content\">\n                    <p class=\"block-links__pretitle eyebrow\">Collaborons<\/p>\n        \n                    <h3 class=\"block-links__title title2\">Parlons de votre projet, nous serons heureux de vous proposer des solutions.<\/h3>\n        \n        <div class=\"link-section\">\n                            <a href=\"https:\/\/airdata.ca\/fr\/contact\/\" class=\"block-links__link_1 link2 link2-gradient\" target=\"\">Communiquez avec nous<\/a>\n                        <span class=\"or eyebrow\">OR<\/span>\n                            <a href=\"https:\/\/airdata.ca\/fr\/demandez-un-prix\/\" class=\"block-links__link_2 link1\" target=\"\">Demandez un prix<\/a>\n                    <\/div>\n    <\/section>\n\n<\/section>\n","protected":false},"excerpt":{"rendered":"","protected":false},"author":1,"featured_media":0,"parent":0,"menu_order":0,"comment_status":"closed","ping_status":"closed","template":"views\/template-menu-2.blade.php","meta":{"_acf_changed":false,"footnotes":""},"class_list":["post-1194","page","type-page","status-publish","hentry"],"acf":[],"yoast_head":"<!-- This site is optimized with the Yoast SEO plugin v23.7 - https:\/\/yoast.com\/wordpress\/plugins\/seo\/ -->\n<title>Soutien | Air Data<\/title>\n<meta name=\"description\" content=\"L&#039;\u00e9quipe d&#039;Air Data est disponible pour l&#039;investigation et la r\u00e9solution des probl\u00e8mes techniques pouvant survenir.\" \/>\n<meta name=\"robots\" content=\"index, follow, max-snippet:-1, max-image-preview:large, max-video-preview:-1\" \/>\n<link rel=\"canonical\" href=\"https:\/\/airdata.ca\/fr\/soutien\/\" \/>\n<meta property=\"og:locale\" content=\"fr_FR\" \/>\n<meta property=\"og:type\" content=\"article\" \/>\n<meta property=\"og:title\" content=\"Soutien | Air Data\" \/>\n<meta property=\"og:description\" content=\"L&#039;\u00e9quipe d&#039;Air Data est disponible pour l&#039;investigation et la r\u00e9solution des probl\u00e8mes techniques pouvant survenir.\" \/>\n<meta property=\"og:url\" content=\"https:\/\/airdata.ca\/fr\/soutien\/\" \/>\n<meta property=\"og:site_name\" content=\"AirData\" \/>\n<meta property=\"article:modified_time\" content=\"2021-08-10T18:40:40+00:00\" \/>\n<meta name=\"twitter:card\" content=\"summary_large_image\" \/>\n<script type=\"application\/ld+json\" class=\"yoast-schema-graph\">{\"@context\":\"https:\/\/schema.org\",\"@graph\":[{\"@type\":\"WebPage\",\"@id\":\"https:\/\/airdata.ca\/fr\/soutien\/\",\"url\":\"https:\/\/airdata.ca\/fr\/soutien\/\",\"name\":\"Soutien | Air Data\",\"isPartOf\":{\"@id\":\"https:\/\/airdata.ca\/fr\/#website\"},\"datePublished\":\"2021-07-21T13:27:28+00:00\",\"dateModified\":\"2021-08-10T18:40:40+00:00\",\"description\":\"L'\u00e9quipe d'Air Data est disponible pour l'investigation et la r\u00e9solution des probl\u00e8mes techniques pouvant survenir.\",\"breadcrumb\":{\"@id\":\"https:\/\/airdata.ca\/fr\/soutien\/#breadcrumb\"},\"inLanguage\":\"fr-FR\",\"potentialAction\":[{\"@type\":\"ReadAction\",\"target\":[\"https:\/\/airdata.ca\/fr\/soutien\/\"]}]},{\"@type\":\"BreadcrumbList\",\"@id\":\"https:\/\/airdata.ca\/fr\/soutien\/#breadcrumb\",\"itemListElement\":[{\"@type\":\"ListItem\",\"position\":1,\"name\":\"Home\",\"item\":\"https:\/\/airdata.ca\/fr\/\"},{\"@type\":\"ListItem\",\"position\":2,\"name\":\"Soutien\"}]},{\"@type\":\"WebSite\",\"@id\":\"https:\/\/airdata.ca\/fr\/#website\",\"url\":\"https:\/\/airdata.ca\/fr\/\",\"name\":\"AirData\",\"description\":\"Just another WordPress site\",\"potentialAction\":[{\"@type\":\"SearchAction\",\"target\":{\"@type\":\"EntryPoint\",\"urlTemplate\":\"https:\/\/airdata.ca\/fr\/?s={search_term_string}\"},\"query-input\":{\"@type\":\"PropertyValueSpecification\",\"valueRequired\":true,\"valueName\":\"search_term_string\"}}],\"inLanguage\":\"fr-FR\"}]}<\/script>\n<!-- \/ Yoast SEO plugin. -->","yoast_head_json":{"title":"Soutien | Air Data","description":"L'\u00e9quipe d'Air Data est disponible pour l'investigation et la r\u00e9solution des probl\u00e8mes techniques pouvant survenir.","robots":{"index":"index","follow":"follow","max-snippet":"max-snippet:-1","max-image-preview":"max-image-preview:large","max-video-preview":"max-video-preview:-1"},"canonical":"https:\/\/airdata.ca\/fr\/soutien\/","og_locale":"fr_FR","og_type":"article","og_title":"Soutien | Air Data","og_description":"L'\u00e9quipe d'Air Data est disponible pour l'investigation et la r\u00e9solution des probl\u00e8mes techniques pouvant survenir.","og_url":"https:\/\/airdata.ca\/fr\/soutien\/","og_site_name":"AirData","article_modified_time":"2021-08-10T18:40:40+00:00","twitter_card":"summary_large_image","schema":{"@context":"https:\/\/schema.org","@graph":[{"@type":"WebPage","@id":"https:\/\/airdata.ca\/fr\/soutien\/","url":"https:\/\/airdata.ca\/fr\/soutien\/","name":"Soutien | Air Data","isPartOf":{"@id":"https:\/\/airdata.ca\/fr\/#website"},"datePublished":"2021-07-21T13:27:28+00:00","dateModified":"2021-08-10T18:40:40+00:00","description":"L'\u00e9quipe d'Air Data est disponible pour l'investigation et la r\u00e9solution des probl\u00e8mes techniques pouvant survenir.","breadcrumb":{"@id":"https:\/\/airdata.ca\/fr\/soutien\/#breadcrumb"},"inLanguage":"fr-FR","potentialAction":[{"@type":"ReadAction","target":["https:\/\/airdata.ca\/fr\/soutien\/"]}]},{"@type":"BreadcrumbList","@id":"https:\/\/airdata.ca\/fr\/soutien\/#breadcrumb","itemListElement":[{"@type":"ListItem","position":1,"name":"Home","item":"https:\/\/airdata.ca\/fr\/"},{"@type":"ListItem","position":2,"name":"Soutien"}]},{"@type":"WebSite","@id":"https:\/\/airdata.ca\/fr\/#website","url":"https:\/\/airdata.ca\/fr\/","name":"AirData","description":"Just another WordPress site","potentialAction":[{"@type":"SearchAction","target":{"@type":"EntryPoint","urlTemplate":"https:\/\/airdata.ca\/fr\/?s={search_term_string}"},"query-input":{"@type":"PropertyValueSpecification","valueRequired":true,"valueName":"search_term_string"}}],"inLanguage":"fr-FR"}]}},"_links":{"self":[{"href":"https:\/\/airdata.ca\/fr\/wp-json\/wp\/v2\/pages\/1194"}],"collection":[{"href":"https:\/\/airdata.ca\/fr\/wp-json\/wp\/v2\/pages"}],"about":[{"href":"https:\/\/airdata.ca\/fr\/wp-json\/wp\/v2\/types\/page"}],"author":[{"embeddable":true,"href":"https:\/\/airdata.ca\/fr\/wp-json\/wp\/v2\/users\/1"}],"replies":[{"embeddable":true,"href":"https:\/\/airdata.ca\/fr\/wp-json\/wp\/v2\/comments?post=1194"}],"version-history":[{"count":16,"href":"https:\/\/airdata.ca\/fr\/wp-json\/wp\/v2\/pages\/1194\/revisions"}],"predecessor-version":[{"id":2501,"href":"https:\/\/airdata.ca\/fr\/wp-json\/wp\/v2\/pages\/1194\/revisions\/2501"}],"wp:attachment":[{"href":"https:\/\/airdata.ca\/fr\/wp-json\/wp\/v2\/media?parent=1194"}],"curies":[{"name":"wp","href":"https:\/\/api.w.org\/{rel}","templated":true}]}}