{"id":1156,"date":"2021-07-21T12:46:44","date_gmt":"2021-07-21T12:46:44","guid":{"rendered":"https:\/\/airdata.ca\/?page_id=1156"},"modified":"2021-08-10T18:21:30","modified_gmt":"2021-08-10T18:21:30","slug":"laboratoire-de-test-et-qualite","status":"publish","type":"page","link":"https:\/\/airdata.ca\/fr\/laboratoire-de-test-et-qualite\/","title":{"rendered":"Laboratoire de test et qualit\u00e9"},"content":{"rendered":"<section data-id=\"block_60f1c0e4d6d9f\" class=\"block-header-simple header-simplewide display1 c-sa sa\">\n\n    <div class=\"pretitle-and-title\">\n                    <p class=\"block-header-simple__pretitle eyebrow\">Laboratoire de test \u00e0 la fine pointe de la technologie<\/p>\n        \n                    <h1 class=\"block-header-simple__title title1\"><span class=\"gradient\">Tout est test\u00e9<\/span> de mani\u00e8re exhaustive pour une <span class=\"gradient\">qualit\u00e9 optimale<\/span><\/h1>\n            <\/div>\n    \n    <div class=\"image-and-desc\">\n\n        <div class=\"image-header\"><\/div>\n\n                    <p class=\"block-header-simple__description paragraph1\">Nous nous engageons \u00e0 fournir des produits et des services de la plus haute qualit\u00e9 aux missions a\u00e9ronautiques. Dans notre laboratoire ultramoderne, nous testons tout en interne avec une expertise en qualification environnementale.<\/p>\n            <\/div>\n\n    \n<\/section>\n\n<style>\n    .image-header{\n        background-image: url('https:\/\/airdata.ca\/app\/uploads\/2021\/07\/thisisengineering-raeng-LlWtfN3AuX0-unsplash-1-min.jpg'); \n    }\n\n    @media  screen and (min-width: 992px){\n        .image-header{\n            background-image: url('https:\/\/airdata.ca\/app\/uploads\/2021\/07\/thisisengineering-raeng-LlWtfN3AuX0-unsplash-1-min.jpg'); \n        }\n    }\n<\/style>\n\n\n<section data-id=\"block_60f1c2ddd6da0\" class=\"block-two-columns two-columnswide c-sa sa\">\n    \n    <section class=\"my-section section-left\">\n        <div class=\"number\">01<\/div>\n        <div class=\"content\">\n                            <a href=\"#\" class=\"block-two-columns__title all-caps\" target=\"\">AIR DATA \u2013 CAPACIT\u00c9 EN ESSAIS ET QUALIFICATIONS<\/a>\n            \n            \n                            <div class=\"my-list\">\n                                            <div class=\"block-two-columns__l\">\n                                                            <p class=\"block-two-columns__text eyebrow\">RTCA DO-160<\/p>\n                                                    <\/div>\n                                            <div class=\"block-two-columns__l\">\n                                                            <p class=\"block-two-columns__text eyebrow\">MIL-STD-704<\/p>\n                                                    <\/div>\n                                            <div class=\"block-two-columns__l\">\n                                                            <p class=\"block-two-columns__text eyebrow\">MIL-STD-810<\/p>\n                                                    <\/div>\n                                            <div class=\"block-two-columns__l\">\n                                                            <p class=\"block-two-columns__text eyebrow\">MIL-STD-461<\/p>\n                                                    <\/div>\n                                    <\/div>\n                    <\/div>\n    <\/section>\n\n    <section class=\"my-section section-right\">\n        <div class=\"number\">02<\/div>\n        <div class=\"content\">\n                            <a href=\"#\" class=\"block-two-columns__title all-caps\" target=\"\">QUALIFICATIONS ENVIRONNEMENTALES<\/a>\n            \n            \n                            <div class=\"my-list\">\n                                            <div class=\"block-two-columns__l\">\n                                                            <p class=\"block-two-columns__text eyebrow\">Temp\u00e9rature<\/p>\n                                                    <\/div>\n                                            <div class=\"block-two-columns__l\">\n                                                            <p class=\"block-two-columns__text eyebrow\">Humidit\u00e9<\/p>\n                                                    <\/div>\n                                            <div class=\"block-two-columns__l\">\n                                                            <p class=\"block-two-columns__text eyebrow\">Altitude<\/p>\n                                                    <\/div>\n                                            <div class=\"block-two-columns__l\">\n                                                            <p class=\"block-two-columns__text eyebrow\">Choc en vibration<\/p>\n                                                    <\/div>\n                                            <div class=\"block-two-columns__l\">\n                                                            <p class=\"block-two-columns__text eyebrow\">Interf\u00e9rences \u00e9lectromagn\u00e9tiques<\/p>\n                                                    <\/div>\n                                    <\/div>\n                    <\/div>\n    <\/section>\n\n<\/section>\n\n\n<section data-id=\"block_60f1c343d6daa\" class=\"block-links linkswide c-sa sa\">\n\n            <figure>\n            <img decoding=\"async\" loading=\"lazy\" src=\"https:\/\/airdata.ca\/app\/uploads\/2021\/07\/william-topa-7_4bU5tHRLQ-unsplash-1-min.jpg\" alt=\"Aircraft cockpit with Air Data avionics and aviation power solutions\">\n        <\/figure>\n    \n    <section class=\"text-content\">\n                    <p class=\"block-links__pretitle eyebrow\">Collaborons<\/p>\n        \n                    <h3 class=\"block-links__title title2\">Parlons de votre projet, nous serons heureux de vous proposer des solutions.<\/h3>\n        \n        <div class=\"link-section\">\n                            <a href=\"https:\/\/airdata.ca\/fr\/contact\/\" class=\"block-links__link_1 link2 link2-gradient\" target=\"\">Communiquez avec nous<\/a>\n                        <span class=\"or eyebrow\">OR<\/span>\n                            <a href=\"https:\/\/airdata.ca\/fr\/demandez-un-prix\/\" class=\"block-links__link_2 link1\" target=\"\">Demandez un prix<\/a>\n                    <\/div>\n    <\/section>\n\n<\/section>\n","protected":false},"excerpt":{"rendered":"","protected":false},"author":1,"featured_media":0,"parent":0,"menu_order":0,"comment_status":"closed","ping_status":"closed","template":"views\/template-menu-2.blade.php","meta":{"_acf_changed":false,"footnotes":""},"class_list":["post-1156","page","type-page","status-publish","hentry"],"acf":[],"yoast_head":"<!-- This site is optimized with the Yoast SEO plugin v23.7 - https:\/\/yoast.com\/wordpress\/plugins\/seo\/ -->\n<title>Laboratoire de test et qualit\u00e9 | Air Data<\/title>\n<meta name=\"description\" content=\"Air Data teste tout dans un laboratoire de pointe, pour une qualit\u00e9 optimale, avec une expertise en qualification environnementale.\" \/>\n<meta name=\"robots\" content=\"index, follow, max-snippet:-1, max-image-preview:large, max-video-preview:-1\" \/>\n<link rel=\"canonical\" href=\"https:\/\/airdata.ca\/fr\/laboratoire-de-test-et-qualite\/\" \/>\n<meta property=\"og:locale\" content=\"fr_FR\" \/>\n<meta property=\"og:type\" content=\"article\" \/>\n<meta property=\"og:title\" content=\"Laboratoire de test et qualit\u00e9 | Air Data\" \/>\n<meta property=\"og:description\" content=\"Air Data teste tout dans un laboratoire de pointe, pour une qualit\u00e9 optimale, avec une expertise en qualification environnementale.\" \/>\n<meta property=\"og:url\" content=\"https:\/\/airdata.ca\/fr\/laboratoire-de-test-et-qualite\/\" \/>\n<meta property=\"og:site_name\" content=\"AirData\" \/>\n<meta property=\"article:modified_time\" content=\"2021-08-10T18:21:30+00:00\" \/>\n<meta name=\"twitter:card\" content=\"summary_large_image\" \/>\n<script type=\"application\/ld+json\" class=\"yoast-schema-graph\">{\"@context\":\"https:\/\/schema.org\",\"@graph\":[{\"@type\":\"WebPage\",\"@id\":\"https:\/\/airdata.ca\/fr\/laboratoire-de-test-et-qualite\/\",\"url\":\"https:\/\/airdata.ca\/fr\/laboratoire-de-test-et-qualite\/\",\"name\":\"Laboratoire de test et qualit\u00e9 | Air Data\",\"isPartOf\":{\"@id\":\"https:\/\/airdata.ca\/fr\/#website\"},\"datePublished\":\"2021-07-21T12:46:44+00:00\",\"dateModified\":\"2021-08-10T18:21:30+00:00\",\"description\":\"Air Data teste tout dans un laboratoire de pointe, pour une qualit\u00e9 optimale, avec une expertise en qualification environnementale.\",\"breadcrumb\":{\"@id\":\"https:\/\/airdata.ca\/fr\/laboratoire-de-test-et-qualite\/#breadcrumb\"},\"inLanguage\":\"fr-FR\",\"potentialAction\":[{\"@type\":\"ReadAction\",\"target\":[\"https:\/\/airdata.ca\/fr\/laboratoire-de-test-et-qualite\/\"]}]},{\"@type\":\"BreadcrumbList\",\"@id\":\"https:\/\/airdata.ca\/fr\/laboratoire-de-test-et-qualite\/#breadcrumb\",\"itemListElement\":[{\"@type\":\"ListItem\",\"position\":1,\"name\":\"Home\",\"item\":\"https:\/\/airdata.ca\/fr\/\"},{\"@type\":\"ListItem\",\"position\":2,\"name\":\"Laboratoire de test et qualit\u00e9\"}]},{\"@type\":\"WebSite\",\"@id\":\"https:\/\/airdata.ca\/fr\/#website\",\"url\":\"https:\/\/airdata.ca\/fr\/\",\"name\":\"AirData\",\"description\":\"Just another WordPress site\",\"potentialAction\":[{\"@type\":\"SearchAction\",\"target\":{\"@type\":\"EntryPoint\",\"urlTemplate\":\"https:\/\/airdata.ca\/fr\/?s={search_term_string}\"},\"query-input\":{\"@type\":\"PropertyValueSpecification\",\"valueRequired\":true,\"valueName\":\"search_term_string\"}}],\"inLanguage\":\"fr-FR\"}]}<\/script>\n<!-- \/ Yoast SEO plugin. -->","yoast_head_json":{"title":"Laboratoire de test et qualit\u00e9 | Air Data","description":"Air Data teste tout dans un laboratoire de pointe, pour une qualit\u00e9 optimale, avec une expertise en qualification environnementale.","robots":{"index":"index","follow":"follow","max-snippet":"max-snippet:-1","max-image-preview":"max-image-preview:large","max-video-preview":"max-video-preview:-1"},"canonical":"https:\/\/airdata.ca\/fr\/laboratoire-de-test-et-qualite\/","og_locale":"fr_FR","og_type":"article","og_title":"Laboratoire de test et qualit\u00e9 | Air Data","og_description":"Air Data teste tout dans un laboratoire de pointe, pour une qualit\u00e9 optimale, avec une expertise en qualification environnementale.","og_url":"https:\/\/airdata.ca\/fr\/laboratoire-de-test-et-qualite\/","og_site_name":"AirData","article_modified_time":"2021-08-10T18:21:30+00:00","twitter_card":"summary_large_image","schema":{"@context":"https:\/\/schema.org","@graph":[{"@type":"WebPage","@id":"https:\/\/airdata.ca\/fr\/laboratoire-de-test-et-qualite\/","url":"https:\/\/airdata.ca\/fr\/laboratoire-de-test-et-qualite\/","name":"Laboratoire de test et qualit\u00e9 | Air Data","isPartOf":{"@id":"https:\/\/airdata.ca\/fr\/#website"},"datePublished":"2021-07-21T12:46:44+00:00","dateModified":"2021-08-10T18:21:30+00:00","description":"Air Data teste tout dans un laboratoire de pointe, pour une qualit\u00e9 optimale, avec une expertise en qualification environnementale.","breadcrumb":{"@id":"https:\/\/airdata.ca\/fr\/laboratoire-de-test-et-qualite\/#breadcrumb"},"inLanguage":"fr-FR","potentialAction":[{"@type":"ReadAction","target":["https:\/\/airdata.ca\/fr\/laboratoire-de-test-et-qualite\/"]}]},{"@type":"BreadcrumbList","@id":"https:\/\/airdata.ca\/fr\/laboratoire-de-test-et-qualite\/#breadcrumb","itemListElement":[{"@type":"ListItem","position":1,"name":"Home","item":"https:\/\/airdata.ca\/fr\/"},{"@type":"ListItem","position":2,"name":"Laboratoire de test et qualit\u00e9"}]},{"@type":"WebSite","@id":"https:\/\/airdata.ca\/fr\/#website","url":"https:\/\/airdata.ca\/fr\/","name":"AirData","description":"Just another WordPress site","potentialAction":[{"@type":"SearchAction","target":{"@type":"EntryPoint","urlTemplate":"https:\/\/airdata.ca\/fr\/?s={search_term_string}"},"query-input":{"@type":"PropertyValueSpecification","valueRequired":true,"valueName":"search_term_string"}}],"inLanguage":"fr-FR"}]}},"_links":{"self":[{"href":"https:\/\/airdata.ca\/fr\/wp-json\/wp\/v2\/pages\/1156"}],"collection":[{"href":"https:\/\/airdata.ca\/fr\/wp-json\/wp\/v2\/pages"}],"about":[{"href":"https:\/\/airdata.ca\/fr\/wp-json\/wp\/v2\/types\/page"}],"author":[{"embeddable":true,"href":"https:\/\/airdata.ca\/fr\/wp-json\/wp\/v2\/users\/1"}],"replies":[{"embeddable":true,"href":"https:\/\/airdata.ca\/fr\/wp-json\/wp\/v2\/comments?post=1156"}],"version-history":[{"count":15,"href":"https:\/\/airdata.ca\/fr\/wp-json\/wp\/v2\/pages\/1156\/revisions"}],"predecessor-version":[{"id":2497,"href":"https:\/\/airdata.ca\/fr\/wp-json\/wp\/v2\/pages\/1156\/revisions\/2497"}],"wp:attachment":[{"href":"https:\/\/airdata.ca\/fr\/wp-json\/wp\/v2\/media?parent=1156"}],"curies":[{"name":"wp","href":"https:\/\/api.w.org\/{rel}","templated":true}]}}