{"id":1131,"date":"2021-07-20T22:27:52","date_gmt":"2021-07-20T22:27:52","guid":{"rendered":"https:\/\/airdata.ca\/?page_id=1131"},"modified":"2021-07-28T13:53:28","modified_gmt":"2021-07-28T13:53:28","slug":"a-propos-de-nous","status":"publish","type":"page","link":"https:\/\/airdata.ca\/fr\/a-propos-de-nous\/","title":{"rendered":"\u00c0 propos de nous"},"content":{"rendered":"<section data-id=\"block_60f19974c34e0\" class=\"block-header-simple header-simplewide display2 c-sa sa\">\n\n    <div class=\"pretitle-and-title\">\n        \n                    <h1 class=\"block-header-simple__title title1\"><span class=\"gradient\">Une expertise avionique au service des ing\u00e9nieurs<\/span><\/h1>\n            <\/div>\n    \n    <div class=\"image-and-desc\">\n\n        <div class=\"image-header\"><\/div>\n\n                    <p class=\"block-header-simple__description paragraph1\">Depuis plus de 30 ans, nous travaillons sans rel\u00e2che \u00e0 la conception et la fabrication, tout en assistant les ing\u00e9nieurs a\u00e9ronautiques, pour offrir des produits qui se d\u00e9marquent par leur innovation et leur excellence.<\/p>\n            <\/div>\n\n    \n<\/section>\n\n<style>\n    .image-header{\n        background-image: url('https:\/\/airdata.ca\/app\/uploads\/2021\/07\/vishu-bIrjdIqJWoE-unsplash-1-min.jpg'); \n    }\n\n    @media  screen and (min-width: 992px){\n        .image-header{\n            background-image: url('https:\/\/airdata.ca\/app\/uploads\/2021\/07\/vishu-bIrjdIqJWoE-unsplash-1-min.jpg'); \n        }\n    }\n<\/style>\n\n\n<section data-id=\"block_60f19a1ec34e1\" class=\"block-clients clientswide c-sa sa\">\n\n            <p class=\"block-clients__pretitle eyebrow\">Clients Air Data<\/p>\n    \n            <h2 class=\"block-clients__title title2\">Air Data a une pr\u00e9sence mondiale aupr\u00e8s de <span class=\"gradient\">clients renomm\u00e9s<\/span><\/h2>\n    \n            <div class=\"my-client-list\">\n                                            <div class=\"single-client\">\n                    <p class=\"client-name all-caps-2\">Airbus<\/p>\n                    <figure class=\"client-logo\">\n                        <img decoding=\"async\" loading=\"lazy\" src=\"https:\/\/airdata.ca\/app\/uploads\/2021\/06\/Airbus_Logo_2017.svg\" alt=\"\">\n                    <\/figure>\n                <\/div>\n                                            <div class=\"single-client\">\n                    <p class=\"client-name all-caps-2\">Bell Flight<\/p>\n                    <figure class=\"client-logo\">\n                        <img decoding=\"async\" loading=\"lazy\" src=\"https:\/\/airdata.ca\/app\/uploads\/2021\/06\/f59.Bell-Flight_Logo-min.png\" alt=\"\">\n                    <\/figure>\n                <\/div>\n                                            <div class=\"single-client\">\n                    <p class=\"client-name all-caps-2\">Israel Aerospace Industries (IAI)<\/p>\n                    <figure class=\"client-logo\">\n                        <img decoding=\"async\" loading=\"lazy\" src=\"https:\/\/airdata.ca\/app\/uploads\/2021\/06\/Israel_Aerospace_Industries_logo.svg\" alt=\"\">\n                    <\/figure>\n                <\/div>\n                                            <div class=\"single-client\">\n                    <p class=\"client-name all-caps-2\">U.S. Air Force<\/p>\n                    <figure class=\"client-logo\">\n                        <img decoding=\"async\" loading=\"lazy\" src=\"https:\/\/airdata.ca\/app\/uploads\/2021\/07\/US_Air_Force_Logo.png\" alt=\"Air Data Client U.S. Air Force\">\n                    <\/figure>\n                <\/div>\n                                            <div class=\"single-client\">\n                    <p class=\"client-name all-caps-2\">Bombardier<\/p>\n                    <figure class=\"client-logo\">\n                        <img decoding=\"async\" loading=\"lazy\" src=\"https:\/\/airdata.ca\/app\/uploads\/2021\/07\/Bombardier_Logo.svg\" alt=\"\">\n                    <\/figure>\n                <\/div>\n                    <\/div>\n    \n            <a href=\"https:\/\/airdata.ca\/fr\/nos-clients\/\" class=\"block-clients__cta link1\" target=\"\">Voir la liste des comptes majeurs<\/a>\n    \n<\/section>\n\n\n<section data-id=\"block_60f19a9fc34e2\" class=\"block-timeline timelinewide c-sa sa\">\n\n            <section class=\"timeline\">\n            <div class=\"dates\">\n                <div id=\"time-prev\" class=\"time-prev disable\">\n                    <svg width=\"18\" height=\"11\" viewBox=\"0 0 18 11\" fill=\"none\" xmlns=\"http:\/\/www.w3.org\/2000\/svg\">\n                        <path d=\"M1 10L8.77817 2.22182L16.5563 10\" stroke=\"#C79E8F\" stroke-width=\"2\"\/>\n                    <\/svg>\n                <\/div>\n                                                            <span id=\"1990-date\" class=\"single-date all-caps-2\">1990<\/span>\n                                                                                <span id=\"1997-date\" class=\"single-date all-caps-2\">1997<\/span>\n                                                                                <span id=\"2021-date\" class=\"single-date all-caps-2\">2021<\/span>\n                                                    <div id=\"time-next\" class=\"time-next\">\n                    <svg width=\"18\" height=\"11\" viewBox=\"0 0 18 11\" fill=\"none\" xmlns=\"http:\/\/www.w3.org\/2000\/svg\">\n                        <path d=\"M16.5566 1L8.77847 8.77817L1.00029 1\" stroke=\"#C79E8F\" stroke-width=\"2\"\/>\n                    <\/svg>\n                <\/div>\n            <\/div>\n                            <div id=\"1990-content\" class=\"content\">\n                                            <h3 class=\"block-timeline__description_1 title3\">Notre histoire commence en 1990, et depuis, nous propulsons les innovations avioniques<\/h3>\n                                                                <p class=\"block-timeline__description_2 paragraph1\">Air Data Inc. a \u00e9t\u00e9 fond\u00e9e \u00e0 Montr\u00e9al en 1990 par deux ing\u00e9nieurs talentueux, Louis Labr\u00e8che et Jean-Pierre Lepage.<\/p>\n                                                        <\/div>\n                            <div id=\"1997-content\" class=\"content\">\n                                            <h3 class=\"block-timeline__description_1 title3\">Lors de ses premi\u00e8res ann\u00e9es en op\u00e9rations, Air Data a d\u00e9velopp\u00e9 une expertise technique en mati\u00e8re de circuits \u00e0 micro-ondes et en conception de syst\u00e8mes pour l\u2019U.S. Air Force (C-130, C-17). <\/h3>\n                                                                <p class=\"block-timeline__description_2 paragraph1\">En 1997, Air Data a d\u00e9velopp\u00e9 et produit ses premi\u00e8res unit\u00e9s avioniques pour des h\u00e9licopt\u00e8res (cr\u00e9\u00e9es sp\u00e9cialement pour le programme de Bell 407) et, par la suite, Air Data a d\u00e9velopp\u00e9 tr\u00e8s rapidement sa gamme de produits d\u2019avionique pour les h\u00e9licopt\u00e8res. Depuis, de nombreux syst\u00e8mes d\u2019avionique ont aussi \u00e9t\u00e9 d\u00e9velopp\u00e9s et fabriqu\u00e9s pour les avions commerciaux et d\u2019affaires.<\/p>\n                                                        <\/div>\n                            <div id=\"2021-content\" class=\"content\">\n                                            <h3 class=\"block-timeline__description_1 title3\">Plus r\u00e9cemment, Air Data a p\u00e9n\u00e9tr\u00e9 le march\u00e9 en pleine expansion des drones en offrant des calculateurs baro-an\u00e9mom\u00e9triques compacts et l\u00e9gers, ainsi que des tubes pitot statiques qui peuvent \u00eatre adapt\u00e9s aux crit\u00e8res sp\u00e9cifiques des divers drones. <\/h3>\n                                                                <p class=\"block-timeline__description_2 paragraph1\">Air Data se positionne comme un acteur majeur dans ce nouveau domaine en fournissant des solutions sur mesure pour les fabricants de drones.<\/p>\n                                                        <\/div>\n                    <\/section>\n    \n            <figure>\n            <img decoding=\"async\" loading=\"lazy\" class=\"timeline-image\" src=\"https:\/\/airdata.ca\/app\/uploads\/2021\/07\/Tech-au-microscope-4-min-scaled.jpg\" alt=\"Air Data avionic expert working with a microscope\">\n        <\/figure>\n        <div class=\"timeline-image-desktop\" style=\"background-image: url('https:\/\/airdata.ca\/app\/uploads\/2021\/07\/Tech-au-microscope-4-min-scaled.jpg')\"><\/div>\n    \n<\/section>\n\n\n<section data-id=\"block_60f19b76c34e6\" class=\"block-certifications certificationswide c-sa sa\">\n\n    <div class=\"content\">\n        \n                    <h2 class=\"block-certifications__title title2\">Quelques-unes de <span class=\"gradient\">nos certifications<\/span><\/h2>\n        \n                    <div class=\"all-items\">\n                                    <section class=\"my-item\">\n                                                    <h4 class=\"item-name all-caps-2\">Intertek ISO<\/h4>\n                                                                            <img decoding=\"async\" loading=\"lazy\" class=\"item-image\" src=\"https:\/\/airdata.ca\/app\/uploads\/2021\/07\/Intertek.png\" alt=\"Air Data has the ISO 9001 Intertek certification\">\n                                            <\/section>\n                                    <section class=\"my-item\">\n                                                    <h4 class=\"item-name all-caps-2\">Transport Canada<\/h4>\n                                                                            <img decoding=\"async\" loading=\"lazy\" class=\"item-image\" src=\"https:\/\/airdata.ca\/app\/uploads\/2021\/07\/Transport-Canada.png\" alt=\"Air Data certification with Transport Canada\">\n                                            <\/section>\n                                                    <a href=\"https:\/\/airdata.ca\/fr\/certification\/\" class=\"block-certifications__cta link2\" target=\"\">Voir toutes les certifications<\/a>\n                            <\/div>\n            <\/div>\n\n<\/section>\n\n\n<section data-id=\"block_60f19bd8c34e9\" class=\"block-contact contactwide c-sa sa\">\n\n    <section class=\"top\">\n                    <h2 class=\"block-contact__title title2\"><span class=\"gradient\">Communiquez avec nous<\/span><\/h2>\n        \n        <div class=\"description\">\n                            <div class=\"block-contact__wysiwyg_1\"><h4 class=\"all-caps-2\">Si\u00e8ge social d&rsquo;Air Data <\/h4>\n<p class=\"paragraph2\">\nAir Data Inc.<br \/>\n5930, chemin C\u00f4te-de-Liesse<br \/>\nMont-Royal, QC<br \/>\nCanada  H4T 1C9<\/p>\n<\/div>\n            \n                            <div class=\"block-contact__wysiwyg_2\"><h4 class=\"all-caps-2\">Courriel<\/h4>\n<p><a class=\"link1\" href=\"mailto:info@airdata.ca\">info@airdata.ca<\/a><\/p>\n<h4 class=\"all-caps-2 break\">T\u00e9l\u00e9phone<\/h4>\n<p><a  class=\"link1\" href=\"tel:+15143441674\">+1 514 344-1674<\/a><\/p>\n<\/div>\n                    <\/div>\n    <\/section>\n\n            <figure class=\"contact-image\">\n            <img decoding=\"async\" loading=\"lazy\" src=\"https:\/\/airdata.ca\/app\/uploads\/2021\/07\/simon-fitall-TMBVTG2Cm0c-unsplash-1-min.jpg\" alt=\"Aircraft in the air with Air Data expertise\">\n        <\/figure>\n    \n    \n<\/section>\n","protected":false},"excerpt":{"rendered":"","protected":false},"author":1,"featured_media":0,"parent":0,"menu_order":0,"comment_status":"closed","ping_status":"closed","template":"views\/template-menu-1.blade.php","meta":{"_acf_changed":false,"footnotes":""},"class_list":["post-1131","page","type-page","status-publish","hentry"],"acf":[],"yoast_head":"<!-- This site is optimized with the Yoast SEO plugin v23.7 - https:\/\/yoast.com\/wordpress\/plugins\/seo\/ -->\n<title>\u00c0 propos de nous | Air Data<\/title>\n<meta name=\"description\" content=\"Aider les ing\u00e9nieurs gr\u00e2ce \u00e0 notre expertise avionique est notre mission. Depuis plus de 30 ans, nous travaillons ensemble pour offrir innovation et excellence.\" \/>\n<meta name=\"robots\" content=\"index, follow, max-snippet:-1, max-image-preview:large, max-video-preview:-1\" \/>\n<link rel=\"canonical\" href=\"https:\/\/airdata.ca\/fr\/a-propos-de-nous\/\" \/>\n<meta property=\"og:locale\" content=\"fr_FR\" \/>\n<meta property=\"og:type\" content=\"article\" \/>\n<meta property=\"og:title\" content=\"\u00c0 propos de nous | Air Data\" \/>\n<meta property=\"og:description\" content=\"Aider les ing\u00e9nieurs gr\u00e2ce \u00e0 notre expertise avionique est notre mission. Depuis plus de 30 ans, nous travaillons ensemble pour offrir innovation et excellence.\" \/>\n<meta property=\"og:url\" content=\"https:\/\/airdata.ca\/fr\/a-propos-de-nous\/\" \/>\n<meta property=\"og:site_name\" content=\"AirData\" \/>\n<meta property=\"article:modified_time\" content=\"2021-07-28T13:53:28+00:00\" \/>\n<meta name=\"twitter:card\" content=\"summary_large_image\" \/>\n<script type=\"application\/ld+json\" class=\"yoast-schema-graph\">{\"@context\":\"https:\/\/schema.org\",\"@graph\":[{\"@type\":\"WebPage\",\"@id\":\"https:\/\/airdata.ca\/fr\/a-propos-de-nous\/\",\"url\":\"https:\/\/airdata.ca\/fr\/a-propos-de-nous\/\",\"name\":\"\u00c0 propos de nous | Air Data\",\"isPartOf\":{\"@id\":\"https:\/\/airdata.ca\/fr\/#website\"},\"datePublished\":\"2021-07-20T22:27:52+00:00\",\"dateModified\":\"2021-07-28T13:53:28+00:00\",\"description\":\"Aider les ing\u00e9nieurs gr\u00e2ce \u00e0 notre expertise avionique est notre mission. Depuis plus de 30 ans, nous travaillons ensemble pour offrir innovation et excellence.\",\"breadcrumb\":{\"@id\":\"https:\/\/airdata.ca\/fr\/a-propos-de-nous\/#breadcrumb\"},\"inLanguage\":\"fr-FR\",\"potentialAction\":[{\"@type\":\"ReadAction\",\"target\":[\"https:\/\/airdata.ca\/fr\/a-propos-de-nous\/\"]}]},{\"@type\":\"BreadcrumbList\",\"@id\":\"https:\/\/airdata.ca\/fr\/a-propos-de-nous\/#breadcrumb\",\"itemListElement\":[{\"@type\":\"ListItem\",\"position\":1,\"name\":\"Home\",\"item\":\"https:\/\/airdata.ca\/fr\/\"},{\"@type\":\"ListItem\",\"position\":2,\"name\":\"\u00c0 propos de nous\"}]},{\"@type\":\"WebSite\",\"@id\":\"https:\/\/airdata.ca\/fr\/#website\",\"url\":\"https:\/\/airdata.ca\/fr\/\",\"name\":\"AirData\",\"description\":\"Just another WordPress site\",\"potentialAction\":[{\"@type\":\"SearchAction\",\"target\":{\"@type\":\"EntryPoint\",\"urlTemplate\":\"https:\/\/airdata.ca\/fr\/?s={search_term_string}\"},\"query-input\":{\"@type\":\"PropertyValueSpecification\",\"valueRequired\":true,\"valueName\":\"search_term_string\"}}],\"inLanguage\":\"fr-FR\"}]}<\/script>\n<!-- \/ Yoast SEO plugin. -->","yoast_head_json":{"title":"\u00c0 propos de nous | Air Data","description":"Aider les ing\u00e9nieurs gr\u00e2ce \u00e0 notre expertise avionique est notre mission. Depuis plus de 30 ans, nous travaillons ensemble pour offrir innovation et excellence.","robots":{"index":"index","follow":"follow","max-snippet":"max-snippet:-1","max-image-preview":"max-image-preview:large","max-video-preview":"max-video-preview:-1"},"canonical":"https:\/\/airdata.ca\/fr\/a-propos-de-nous\/","og_locale":"fr_FR","og_type":"article","og_title":"\u00c0 propos de nous | Air Data","og_description":"Aider les ing\u00e9nieurs gr\u00e2ce \u00e0 notre expertise avionique est notre mission. Depuis plus de 30 ans, nous travaillons ensemble pour offrir innovation et excellence.","og_url":"https:\/\/airdata.ca\/fr\/a-propos-de-nous\/","og_site_name":"AirData","article_modified_time":"2021-07-28T13:53:28+00:00","twitter_card":"summary_large_image","schema":{"@context":"https:\/\/schema.org","@graph":[{"@type":"WebPage","@id":"https:\/\/airdata.ca\/fr\/a-propos-de-nous\/","url":"https:\/\/airdata.ca\/fr\/a-propos-de-nous\/","name":"\u00c0 propos de nous | Air Data","isPartOf":{"@id":"https:\/\/airdata.ca\/fr\/#website"},"datePublished":"2021-07-20T22:27:52+00:00","dateModified":"2021-07-28T13:53:28+00:00","description":"Aider les ing\u00e9nieurs gr\u00e2ce \u00e0 notre expertise avionique est notre mission. Depuis plus de 30 ans, nous travaillons ensemble pour offrir innovation et excellence.","breadcrumb":{"@id":"https:\/\/airdata.ca\/fr\/a-propos-de-nous\/#breadcrumb"},"inLanguage":"fr-FR","potentialAction":[{"@type":"ReadAction","target":["https:\/\/airdata.ca\/fr\/a-propos-de-nous\/"]}]},{"@type":"BreadcrumbList","@id":"https:\/\/airdata.ca\/fr\/a-propos-de-nous\/#breadcrumb","itemListElement":[{"@type":"ListItem","position":1,"name":"Home","item":"https:\/\/airdata.ca\/fr\/"},{"@type":"ListItem","position":2,"name":"\u00c0 propos de nous"}]},{"@type":"WebSite","@id":"https:\/\/airdata.ca\/fr\/#website","url":"https:\/\/airdata.ca\/fr\/","name":"AirData","description":"Just another WordPress site","potentialAction":[{"@type":"SearchAction","target":{"@type":"EntryPoint","urlTemplate":"https:\/\/airdata.ca\/fr\/?s={search_term_string}"},"query-input":{"@type":"PropertyValueSpecification","valueRequired":true,"valueName":"search_term_string"}}],"inLanguage":"fr-FR"}]}},"_links":{"self":[{"href":"https:\/\/airdata.ca\/fr\/wp-json\/wp\/v2\/pages\/1131"}],"collection":[{"href":"https:\/\/airdata.ca\/fr\/wp-json\/wp\/v2\/pages"}],"about":[{"href":"https:\/\/airdata.ca\/fr\/wp-json\/wp\/v2\/types\/page"}],"author":[{"embeddable":true,"href":"https:\/\/airdata.ca\/fr\/wp-json\/wp\/v2\/users\/1"}],"replies":[{"embeddable":true,"href":"https:\/\/airdata.ca\/fr\/wp-json\/wp\/v2\/comments?post=1131"}],"version-history":[{"count":20,"href":"https:\/\/airdata.ca\/fr\/wp-json\/wp\/v2\/pages\/1131\/revisions"}],"predecessor-version":[{"id":2299,"href":"https:\/\/airdata.ca\/fr\/wp-json\/wp\/v2\/pages\/1131\/revisions\/2299"}],"wp:attachment":[{"href":"https:\/\/airdata.ca\/fr\/wp-json\/wp\/v2\/media?parent=1131"}],"curies":[{"name":"wp","href":"https:\/\/api.w.org\/{rel}","templated":true}]}}