{"id":1118,"date":"2021-07-20T22:23:21","date_gmt":"2021-07-20T22:23:21","guid":{"rendered":"https:\/\/airdata.ca\/?page_id=1118"},"modified":"2021-07-28T14:03:03","modified_gmt":"2021-07-28T14:03:03","slug":"solutions-dalimentation-sur-mesure","status":"publish","type":"page","link":"https:\/\/airdata.ca\/fr\/solutions-dalimentation-sur-mesure\/","title":{"rendered":"Solutions d\u2019alimentation sur mesure"},"content":{"rendered":"<section data-id=\"block_60ee47f658303\" class=\"block-header-simple header-simplewide display1 c-sa sa\">\n\n    <div class=\"pretitle-and-title\">\n                    <p class=\"block-header-simple__pretitle eyebrow\">Solutions d\u2019alimentation \u00e9lectrique sur mesure d\u2019Air Data <\/p>\n        \n                    <h1 class=\"block-header-simple__title title1\"><span class=\"gradient\">Sur mesure,<\/span> c\u2019est <span class=\"gradient\">notre devise<\/span><\/h1>\n            <\/div>\n    \n    <div class=\"image-and-desc\">\n\n        <div class=\"image-header\"><\/div>\n\n                    <p class=\"block-header-simple__description paragraph1\">L\u2019expertise d\u2019Air Data dans les solutions de puissance est d\u2019ores et d\u00e9j\u00e0 bien \u00e9tablie dans l\u2019industrie a\u00e9ronautique aupr\u00e8s de clients de renomm\u00e9e internationale. Nous accueillons les projets de solutions d&rsquo;alimentation enti\u00e8rement personnalis\u00e9s et collaborons avec vous pour les r\u00e9aliser selon les d\u00e9lais et le budget. Depuis la phase de conception, le prototypage, les tests de qualification et la production, toutes les \u00e9tapes sont r\u00e9alis\u00e9es dans nos installations.<\/p>\n            <\/div>\n\n    \n<\/section>\n\n<style>\n    .image-header{\n        background-image: url('https:\/\/airdata.ca\/app\/uploads\/2021\/07\/iStock-1097759054-1.jpg'); \n    }\n\n    @media  screen and (min-width: 992px){\n        .image-header{\n            background-image: url('https:\/\/airdata.ca\/app\/uploads\/2021\/07\/iStock-1097759054-1.jpg'); \n        }\n    }\n<\/style>\n\n\n<section data-id=\"block_60ee484558304\" class=\"block-boxes boxeswide c-sa sa\">\n    \n    <div class=\"content\">\n\n        \n        \n                    <div class=\"boxes-content\">\n                                    <div class=\"single-box\">\n\n                                                    <h4 class=\"box-title all-caps-2\">Fait sur mesure<\/h4>\n                        \n                                                    <p class=\"box-description paragraph2\">Travailler selon le design et les sp\u00e9cifications de nos clients, c\u2019est notre quotidien<\/p>\n                        \n                    <\/div>\n                                    <div class=\"single-box\">\n\n                                                    <h4 class=\"box-title all-caps-2\">\u00c0 temps<\/h4>\n                        \n                                                    <p class=\"box-description paragraph2\">Avec un processus all\u00e9g\u00e9 en place, vous obtenez ce dont vous avez besoin, quand vous en avez besoin<\/p>\n                        \n                    <\/div>\n                                    <div class=\"single-box\">\n\n                                                    <h4 class=\"box-title all-caps-2\">Avantageux financi\u00e8rement<\/h4>\n                        \n                                                    <p class=\"box-description paragraph2\">Profitez de notre structure tarifaire<\/p>\n                        \n                    <\/div>\n                            <\/div>\n            <\/div>\n\n<\/section>\n\n\n<section data-id=\"block_60ee489358308\" class=\"block-text textwide display2 c-sa sa\">\n    \n            <p class=\"block-text__pretitle eyebrow\">Caract\u00e9ristiques de la solution d\u2019alimentation personnalis\u00e9e d\u2019Air Data <\/p>\n    \n            <div class=\"row\">\n            <section class=\"left-content\">\n                                    <h2 class=\"block-text__title title2\">Unit\u00e9 de contr\u00f4le d\u2019alimentation (PCU)<\/h2>\n                            <\/section>\n                            <section class=\"right-content bullets\">\n                                            <div class=\"block-text__b\">\n                            <svg viewBox=\"0 0 14 12\" fill=\"none\" xmlns=\"http:\/\/www.w3.org\/2000\/svg\">\n                                <path d=\"M13.5303 6.53033C13.8232 6.23744 13.8232 5.76256 13.5303 5.46967L8.75736 0.6967C8.46447 0.403807 7.98959 0.403807 7.6967 0.6967C7.40381 0.989593 7.40381 1.46447 7.6967 1.75736L11.9393 6L7.6967 10.2426C7.40381 10.5355 7.40381 11.0104 7.6967 11.3033C7.98959 11.5962 8.46447 11.5962 8.75736 11.3033L13.5303 6.53033ZM-6.5567e-08 6.75L13 6.75L13 5.25L6.5567e-08 5.25L-6.5567e-08 6.75Z\" fill=\"#376996\"\/>\n                            <\/svg>                        \n                            <p class=\"block-text__bullet paragraph2\">Mode entra\u00eenement r\u00e9acteur (motoring) pour le d\u00e9marrage du moteur<\/p>\n                        <\/div>\n                                            <div class=\"block-text__b\">\n                            <svg viewBox=\"0 0 14 12\" fill=\"none\" xmlns=\"http:\/\/www.w3.org\/2000\/svg\">\n                                <path d=\"M13.5303 6.53033C13.8232 6.23744 13.8232 5.76256 13.5303 5.46967L8.75736 0.6967C8.46447 0.403807 7.98959 0.403807 7.6967 0.6967C7.40381 0.989593 7.40381 1.46447 7.6967 1.75736L11.9393 6L7.6967 10.2426C7.40381 10.5355 7.40381 11.0104 7.6967 11.3033C7.98959 11.5962 8.46447 11.5962 8.75736 11.3033L13.5303 6.53033ZM-6.5567e-08 6.75L13 6.75L13 5.25L6.5567e-08 5.25L-6.5567e-08 6.75Z\" fill=\"#376996\"\/>\n                            <\/svg>                        \n                            <p class=\"block-text__bullet paragraph2\">Contr\u00f4le de puissance pour 3 phases AC, g\u00e9n\u00e9rateur VF<\/p>\n                        <\/div>\n                                            <div class=\"block-text__b\">\n                            <svg viewBox=\"0 0 14 12\" fill=\"none\" xmlns=\"http:\/\/www.w3.org\/2000\/svg\">\n                                <path d=\"M13.5303 6.53033C13.8232 6.23744 13.8232 5.76256 13.5303 5.46967L8.75736 0.6967C8.46447 0.403807 7.98959 0.403807 7.6967 0.6967C7.40381 0.989593 7.40381 1.46447 7.6967 1.75736L11.9393 6L7.6967 10.2426C7.40381 10.5355 7.40381 11.0104 7.6967 11.3033C7.98959 11.5962 8.46447 11.5962 8.75736 11.3033L13.5303 6.53033ZM-6.5567e-08 6.75L13 6.75L13 5.25L6.5567e-08 5.25L-6.5567e-08 6.75Z\" fill=\"#376996\"\/>\n                            <\/svg>                        \n                            <p class=\"block-text__bullet paragraph2\">Canal redondant pour contr\u00f4le de conversion CA \/ CC pour + 28VDC, 750A et 115VAC monocanal 3 phases, 10A, sorties VF.<\/p>\n                        <\/div>\n                                            <div class=\"block-text__b\">\n                            <svg viewBox=\"0 0 14 12\" fill=\"none\" xmlns=\"http:\/\/www.w3.org\/2000\/svg\">\n                                <path d=\"M13.5303 6.53033C13.8232 6.23744 13.8232 5.76256 13.5303 5.46967L8.75736 0.6967C8.46447 0.403807 7.98959 0.403807 7.6967 0.6967C7.40381 0.989593 7.40381 1.46447 7.6967 1.75736L11.9393 6L7.6967 10.2426C7.40381 10.5355 7.40381 11.0104 7.6967 11.3033C7.98959 11.5962 8.46447 11.5962 8.75736 11.3033L13.5303 6.53033ZM-6.5567e-08 6.75L13 6.75L13 5.25L6.5567e-08 5.25L-6.5567e-08 6.75Z\" fill=\"#376996\"\/>\n                            <\/svg>                        \n                            <p class=\"block-text__bullet paragraph2\">Conforme \u00e0 la norme MIL-STD-704F<\/p>\n                        <\/div>\n                                            <div class=\"block-text__b\">\n                            <svg viewBox=\"0 0 14 12\" fill=\"none\" xmlns=\"http:\/\/www.w3.org\/2000\/svg\">\n                                <path d=\"M13.5303 6.53033C13.8232 6.23744 13.8232 5.76256 13.5303 5.46967L8.75736 0.6967C8.46447 0.403807 7.98959 0.403807 7.6967 0.6967C7.40381 0.989593 7.40381 1.46447 7.6967 1.75736L11.9393 6L7.6967 10.2426C7.40381 10.5355 7.40381 11.0104 7.6967 11.3033C7.98959 11.5962 8.46447 11.5962 8.75736 11.3033L13.5303 6.53033ZM-6.5567e-08 6.75L13 6.75L13 5.25L6.5567e-08 5.25L-6.5567e-08 6.75Z\" fill=\"#376996\"\/>\n                            <\/svg>                        \n                            <p class=\"block-text__bullet paragraph2\">Densit\u00e9 de puissance la plus \u00e9lev\u00e9e<\/p>\n                        <\/div>\n                                            <div class=\"block-text__b\">\n                            <svg viewBox=\"0 0 14 12\" fill=\"none\" xmlns=\"http:\/\/www.w3.org\/2000\/svg\">\n                                <path d=\"M13.5303 6.53033C13.8232 6.23744 13.8232 5.76256 13.5303 5.46967L8.75736 0.6967C8.46447 0.403807 7.98959 0.403807 7.6967 0.6967C7.40381 0.989593 7.40381 1.46447 7.6967 1.75736L11.9393 6L7.6967 10.2426C7.40381 10.5355 7.40381 11.0104 7.6967 11.3033C7.98959 11.5962 8.46447 11.5962 8.75736 11.3033L13.5303 6.53033ZM-6.5567e-08 6.75L13 6.75L13 5.25L6.5567e-08 5.25L-6.5567e-08 6.75Z\" fill=\"#376996\"\/>\n                            <\/svg>                        \n                            <p class=\"block-text__bullet paragraph2\">Refroidi par carburant<\/p>\n                        <\/div>\n                                            <div class=\"block-text__b\">\n                            <svg viewBox=\"0 0 14 12\" fill=\"none\" xmlns=\"http:\/\/www.w3.org\/2000\/svg\">\n                                <path d=\"M13.5303 6.53033C13.8232 6.23744 13.8232 5.76256 13.5303 5.46967L8.75736 0.6967C8.46447 0.403807 7.98959 0.403807 7.6967 0.6967C7.40381 0.989593 7.40381 1.46447 7.6967 1.75736L11.9393 6L7.6967 10.2426C7.40381 10.5355 7.40381 11.0104 7.6967 11.3033C7.98959 11.5962 8.46447 11.5962 8.75736 11.3033L13.5303 6.53033ZM-6.5567e-08 6.75L13 6.75L13 5.25L6.5567e-08 5.25L-6.5567e-08 6.75Z\" fill=\"#376996\"\/>\n                            <\/svg>                        \n                            <p class=\"block-text__bullet paragraph2\">En cours de d\u00e9veloppement<\/p>\n                        <\/div>\n                                    <\/section>\n                    <\/div>\n    \n\n\n<\/section>\n\n\n<section data-id=\"block_60ee493558310\" class=\"block-slider sliderwide c-sa sa js-swiper\">\n\n    <div class=\"text-part\">\n                    <h2 class=\"block-slider__title title2\"><span class=\"gradient\">Polyvalence des solutions d\u2019alimentation sur mesure<\/span><\/h2>\n        \n                    <p class=\"block-slider__description paragraph1\">Commerciales ou militaires, les solutions d\u2019alimentation sur mesure d&rsquo;Air Data peuvent \u00eatre utilis\u00e9es dans tout type d&rsquo;avion, pour de nouveaux projets et programmes de modernisation.<\/p>\n            <\/div>\n\n    <div class=\"swiper-container mySlider\">\n        <div class=\"swiper-wrapper\">\n                                                <div class=\"swiper-slide single-slide\" style=\"background-image: url('https:\/\/airdata.ca\/app\/uploads\/2021\/07\/iStock-182851171-min.jpg')\">\n                                                    <div class=\"single-slide-name all-caps-2\">\n                                <span>Aile rotative ou fixe<\/span>\n                            <\/div>\n                                            <\/div>\n                                    <div class=\"swiper-slide single-slide\" style=\"background-image: url('https:\/\/airdata.ca\/app\/uploads\/2021\/07\/iStock-1176206908-min-scaled.jpg')\">\n                                                    <div class=\"single-slide-name all-caps-2\">\n                                <span>V\u00e9hicules a\u00e9riens et sans pilote (UAV)<\/span>\n                            <\/div>\n                                            <\/div>\n                                    <div class=\"swiper-slide single-slide\" style=\"background-image: url('https:\/\/airdata.ca\/app\/uploads\/2021\/07\/iStock-526132926-min-scaled.jpg')\">\n                                                    <div class=\"single-slide-name all-caps-2\">\n                                <span>Commercial et militaire<\/span>\n                            <\/div>\n                                            <\/div>\n                                    <div class=\"swiper-slide single-slide\" style=\"background-image: url('https:\/\/airdata.ca\/app\/uploads\/2021\/07\/22506046057_d6f1b925bc_k.jpg')\">\n                                                    <div class=\"single-slide-name all-caps-2\">\n                                <span>Formateurs militaires<\/span>\n                            <\/div>\n                                            <\/div>\n                                    <\/div>\n        <div class=\"navigation\">\n            <div class=\"slide-btn prev\">\n                <svg width=\"7\" height=\"12\" viewBox=\"0 0 7 12\" fill=\"none\" xmlns=\"http:\/\/www.w3.org\/2000\/svg\">\n                    <path d=\"M0.46967 5.46967C0.176777 5.76256 0.176777 6.23744 0.46967 6.53033L5.24264 11.3033C5.53553 11.5962 6.01041 11.5962 6.3033 11.3033C6.59619 11.0104 6.59619 10.5355 6.3033 10.2426L2.06066 6L6.3033 1.75736C6.59619 1.46447 6.59619 0.989593 6.3033 0.696699C6.01041 0.403806 5.53553 0.403806 5.24264 0.696699L0.46967 5.46967ZM2 5.25H1V6.75H2V5.25Z\" fill=\"#376996\"\/>\n                <\/svg>\n            <\/div>\n            <div class=\"slide-btn next\">\n                <svg width=\"7\" height=\"12\" viewBox=\"0 0 7 12\" fill=\"none\" xmlns=\"http:\/\/www.w3.org\/2000\/svg\">\n                    <path d=\"M6.53033 6.53033C6.82322 6.23744 6.82322 5.76256 6.53033 5.46967L1.75736 0.696699C1.46447 0.403805 0.989593 0.403805 0.6967 0.696699C0.403806 0.989592 0.403806 1.46447 0.6967 1.75736L4.93934 6L0.696699 10.2426C0.403805 10.5355 0.403805 11.0104 0.696699 11.3033C0.989592 11.5962 1.46447 11.5962 1.75736 11.3033L6.53033 6.53033ZM5 6.75L6 6.75L6 5.25L5 5.25L5 6.75Z\" fill=\"#376996\"\/>\n                <\/svg>\n            <\/div>\n        <\/div>\n    <\/div>\n\n    <div class=\"desktop-images\">\n                                    <div class=\"single-slide\" style=\"background-image: url('https:\/\/airdata.ca\/app\/uploads\/2021\/07\/iStock-182851171-min.jpg')\">\n                                            <div class=\"single-slide-name all-caps-2\">\n                            <span>Aile rotative ou fixe<\/span>\n                        <\/div>\n                                    <\/div>\n                            <div class=\"single-slide\" style=\"background-image: url('https:\/\/airdata.ca\/app\/uploads\/2021\/07\/iStock-1176206908-min-scaled.jpg')\">\n                                            <div class=\"single-slide-name all-caps-2\">\n                            <span>V\u00e9hicules a\u00e9riens et sans pilote (UAV)<\/span>\n                        <\/div>\n                                    <\/div>\n                            <div class=\"single-slide\" style=\"background-image: url('https:\/\/airdata.ca\/app\/uploads\/2021\/07\/iStock-526132926-min-scaled.jpg')\">\n                                            <div class=\"single-slide-name all-caps-2\">\n                            <span>Commercial et militaire<\/span>\n                        <\/div>\n                                    <\/div>\n                            <div class=\"single-slide\" style=\"background-image: url('https:\/\/airdata.ca\/app\/uploads\/2021\/07\/22506046057_d6f1b925bc_k.jpg')\">\n                                            <div class=\"single-slide-name all-caps-2\">\n                            <span>Formateurs militaires<\/span>\n                        <\/div>\n                                    <\/div>\n                        <\/div>\n\n<\/section>\n\n  <script src=\"https:\/\/airdata.ca\/app\/themes\/beauvoir\/resources\/assets\/scripts\/swiper-bundle.min.js\"><\/script>\n  \n\n<script>\n    var swiper = new Swiper('.mySlider', {\n        navigation: {\n            nextEl: '.next',\n            prevEl: '.prev',\n        },\n        speed: 400\n    });\n<\/script>\n\n<section data-id=\"block_60ee498258314\" class=\"block-clients clientswide c-sa sa\">\n\n            <p class=\"block-clients__pretitle eyebrow\">Clients Air Data<\/p>\n    \n            <h2 class=\"block-clients__title title2\"><span class=\"gradient\">Clients majeurs partout dans le monde<\/span><\/h2>\n    \n            <div class=\"my-client-list\">\n                                            <div class=\"single-client\">\n                    <p class=\"client-name all-caps-2\">Bombardier A\u00e9ronautique<\/p>\n                    <figure class=\"client-logo\">\n                        <img decoding=\"async\" loading=\"lazy\" src=\"https:\/\/airdata.ca\/app\/uploads\/2021\/07\/bombardier-aerospace.svg\" alt=\"\">\n                    <\/figure>\n                <\/div>\n                                            <div class=\"single-client\">\n                    <p class=\"client-name all-caps-2\">Thales<\/p>\n                    <figure class=\"client-logo\">\n                        <img decoding=\"async\" loading=\"lazy\" src=\"https:\/\/airdata.ca\/app\/uploads\/2021\/07\/Thales_Logo.svg\" alt=\"\">\n                    <\/figure>\n                <\/div>\n                                            <div class=\"single-client\">\n                    <p class=\"client-name all-caps-2\">Korean Air<\/p>\n                    <figure class=\"client-logo\">\n                        <img decoding=\"async\" loading=\"lazy\" src=\"https:\/\/airdata.ca\/app\/uploads\/2021\/07\/KoreanAir_logo.svg\" alt=\"\">\n                    <\/figure>\n                <\/div>\n                                            <div class=\"single-client\">\n                    <p class=\"client-name all-caps-2\">Pratt &#038; Whitney Canada<\/p>\n                    <figure class=\"client-logo\">\n                        <img decoding=\"async\" loading=\"lazy\" src=\"https:\/\/airdata.ca\/app\/uploads\/2021\/07\/pratt-whitney-logo.svg\" alt=\"\">\n                    <\/figure>\n                <\/div>\n                                            <div class=\"single-client\">\n                    <p class=\"client-name all-caps-2\">U.S. Air Force<\/p>\n                    <figure class=\"client-logo\">\n                        <img decoding=\"async\" loading=\"lazy\" src=\"https:\/\/airdata.ca\/app\/uploads\/2021\/07\/US_Air_Force_Logo.png\" alt=\"Air Data Client U.S. Air Force\">\n                    <\/figure>\n                <\/div>\n                    <\/div>\n    \n            <a href=\"https:\/\/airdata.ca\/fr\/nos-clients\/\" class=\"block-clients__cta link1\" target=\"\">Voir nos clients majeurs<\/a>\n    \n<\/section>\n\n\n<section data-id=\"block_60ee49be58316\" class=\"block-links linkswide c-sa sa\">\n\n            <figure>\n            <img decoding=\"async\" loading=\"lazy\" src=\"https:\/\/airdata.ca\/app\/uploads\/2021\/07\/william-topa-7_4bU5tHRLQ-unsplash-1-min.jpg\" alt=\"Aircraft cockpit with Air Data avionics and aviation power solutions\">\n        <\/figure>\n    \n    <section class=\"text-content\">\n                    <p class=\"block-links__pretitle eyebrow\">Collaborons<\/p>\n        \n                    <h3 class=\"block-links__title title2\">Parlons de votre projet, nous serons heureux de vous proposer des solutions.<\/h3>\n        \n        <div class=\"link-section\">\n                            <a href=\"https:\/\/airdata.ca\/fr\/contact\/\" class=\"block-links__link_1 link2 link2-gradient\" target=\"\">Communiquez avec nous<\/a>\n                        <span class=\"or eyebrow\">OR<\/span>\n                            <a href=\"https:\/\/airdata.ca\/fr\/demandez-un-prix\/\" class=\"block-links__link_2 link1\" target=\"\">Demandez votre consultation gratuite<\/a>\n                    <\/div>\n    <\/section>\n\n<\/section>\n","protected":false},"excerpt":{"rendered":"","protected":false},"author":1,"featured_media":0,"parent":0,"menu_order":0,"comment_status":"closed","ping_status":"closed","template":"views\/template-menu-2.blade.php","meta":{"_acf_changed":false,"footnotes":""},"class_list":["post-1118","page","type-page","status-publish","hentry"],"acf":[],"yoast_head":"<!-- This site is optimized with the Yoast SEO plugin v23.7 - https:\/\/yoast.com\/wordpress\/plugins\/seo\/ -->\n<title>Solutions d\u2019alimentation sur mesure | Air Data<\/title>\n<meta name=\"description\" content=\"Air Data, des projets de solutions d&#039;alimentation enti\u00e8rement personnalis\u00e9s, dans les d\u00e9lais et selon le budget, toutes les \u00e9tapes sont men\u00e9es dans nos installations.\" \/>\n<meta name=\"robots\" content=\"index, follow, max-snippet:-1, max-image-preview:large, max-video-preview:-1\" \/>\n<link rel=\"canonical\" href=\"https:\/\/airdata.ca\/fr\/solutions-dalimentation-sur-mesure\/\" \/>\n<meta property=\"og:locale\" content=\"fr_FR\" \/>\n<meta property=\"og:type\" content=\"article\" \/>\n<meta property=\"og:title\" content=\"Solutions d\u2019alimentation sur mesure | Air Data\" \/>\n<meta property=\"og:description\" content=\"Air Data, des projets de solutions d&#039;alimentation enti\u00e8rement personnalis\u00e9s, dans les d\u00e9lais et selon le budget, toutes les \u00e9tapes sont men\u00e9es dans nos installations.\" \/>\n<meta property=\"og:url\" content=\"https:\/\/airdata.ca\/fr\/solutions-dalimentation-sur-mesure\/\" \/>\n<meta property=\"og:site_name\" content=\"AirData\" \/>\n<meta property=\"article:modified_time\" content=\"2021-07-28T14:03:03+00:00\" \/>\n<meta name=\"twitter:card\" content=\"summary_large_image\" \/>\n<script type=\"application\/ld+json\" class=\"yoast-schema-graph\">{\"@context\":\"https:\/\/schema.org\",\"@graph\":[{\"@type\":\"WebPage\",\"@id\":\"https:\/\/airdata.ca\/fr\/solutions-dalimentation-sur-mesure\/\",\"url\":\"https:\/\/airdata.ca\/fr\/solutions-dalimentation-sur-mesure\/\",\"name\":\"Solutions d\u2019alimentation sur mesure | Air Data\",\"isPartOf\":{\"@id\":\"https:\/\/airdata.ca\/fr\/#website\"},\"datePublished\":\"2021-07-20T22:23:21+00:00\",\"dateModified\":\"2021-07-28T14:03:03+00:00\",\"description\":\"Air Data, des projets de solutions d'alimentation enti\u00e8rement personnalis\u00e9s, dans les d\u00e9lais et selon le budget, toutes les \u00e9tapes sont men\u00e9es dans nos installations.\",\"breadcrumb\":{\"@id\":\"https:\/\/airdata.ca\/fr\/solutions-dalimentation-sur-mesure\/#breadcrumb\"},\"inLanguage\":\"fr-FR\",\"potentialAction\":[{\"@type\":\"ReadAction\",\"target\":[\"https:\/\/airdata.ca\/fr\/solutions-dalimentation-sur-mesure\/\"]}]},{\"@type\":\"BreadcrumbList\",\"@id\":\"https:\/\/airdata.ca\/fr\/solutions-dalimentation-sur-mesure\/#breadcrumb\",\"itemListElement\":[{\"@type\":\"ListItem\",\"position\":1,\"name\":\"Home\",\"item\":\"https:\/\/airdata.ca\/fr\/\"},{\"@type\":\"ListItem\",\"position\":2,\"name\":\"Solutions d\u2019alimentation sur mesure\"}]},{\"@type\":\"WebSite\",\"@id\":\"https:\/\/airdata.ca\/fr\/#website\",\"url\":\"https:\/\/airdata.ca\/fr\/\",\"name\":\"AirData\",\"description\":\"Just another WordPress site\",\"potentialAction\":[{\"@type\":\"SearchAction\",\"target\":{\"@type\":\"EntryPoint\",\"urlTemplate\":\"https:\/\/airdata.ca\/fr\/?s={search_term_string}\"},\"query-input\":{\"@type\":\"PropertyValueSpecification\",\"valueRequired\":true,\"valueName\":\"search_term_string\"}}],\"inLanguage\":\"fr-FR\"}]}<\/script>\n<!-- \/ Yoast SEO plugin. -->","yoast_head_json":{"title":"Solutions d\u2019alimentation sur mesure | Air Data","description":"Air Data, des projets de solutions d'alimentation enti\u00e8rement personnalis\u00e9s, dans les d\u00e9lais et selon le budget, toutes les \u00e9tapes sont men\u00e9es dans nos installations.","robots":{"index":"index","follow":"follow","max-snippet":"max-snippet:-1","max-image-preview":"max-image-preview:large","max-video-preview":"max-video-preview:-1"},"canonical":"https:\/\/airdata.ca\/fr\/solutions-dalimentation-sur-mesure\/","og_locale":"fr_FR","og_type":"article","og_title":"Solutions d\u2019alimentation sur mesure | Air Data","og_description":"Air Data, des projets de solutions d'alimentation enti\u00e8rement personnalis\u00e9s, dans les d\u00e9lais et selon le budget, toutes les \u00e9tapes sont men\u00e9es dans nos installations.","og_url":"https:\/\/airdata.ca\/fr\/solutions-dalimentation-sur-mesure\/","og_site_name":"AirData","article_modified_time":"2021-07-28T14:03:03+00:00","twitter_card":"summary_large_image","schema":{"@context":"https:\/\/schema.org","@graph":[{"@type":"WebPage","@id":"https:\/\/airdata.ca\/fr\/solutions-dalimentation-sur-mesure\/","url":"https:\/\/airdata.ca\/fr\/solutions-dalimentation-sur-mesure\/","name":"Solutions d\u2019alimentation sur mesure | Air Data","isPartOf":{"@id":"https:\/\/airdata.ca\/fr\/#website"},"datePublished":"2021-07-20T22:23:21+00:00","dateModified":"2021-07-28T14:03:03+00:00","description":"Air Data, des projets de solutions d'alimentation enti\u00e8rement personnalis\u00e9s, dans les d\u00e9lais et selon le budget, toutes les \u00e9tapes sont men\u00e9es dans nos installations.","breadcrumb":{"@id":"https:\/\/airdata.ca\/fr\/solutions-dalimentation-sur-mesure\/#breadcrumb"},"inLanguage":"fr-FR","potentialAction":[{"@type":"ReadAction","target":["https:\/\/airdata.ca\/fr\/solutions-dalimentation-sur-mesure\/"]}]},{"@type":"BreadcrumbList","@id":"https:\/\/airdata.ca\/fr\/solutions-dalimentation-sur-mesure\/#breadcrumb","itemListElement":[{"@type":"ListItem","position":1,"name":"Home","item":"https:\/\/airdata.ca\/fr\/"},{"@type":"ListItem","position":2,"name":"Solutions d\u2019alimentation sur mesure"}]},{"@type":"WebSite","@id":"https:\/\/airdata.ca\/fr\/#website","url":"https:\/\/airdata.ca\/fr\/","name":"AirData","description":"Just another WordPress site","potentialAction":[{"@type":"SearchAction","target":{"@type":"EntryPoint","urlTemplate":"https:\/\/airdata.ca\/fr\/?s={search_term_string}"},"query-input":{"@type":"PropertyValueSpecification","valueRequired":true,"valueName":"search_term_string"}}],"inLanguage":"fr-FR"}]}},"_links":{"self":[{"href":"https:\/\/airdata.ca\/fr\/wp-json\/wp\/v2\/pages\/1118"}],"collection":[{"href":"https:\/\/airdata.ca\/fr\/wp-json\/wp\/v2\/pages"}],"about":[{"href":"https:\/\/airdata.ca\/fr\/wp-json\/wp\/v2\/types\/page"}],"author":[{"embeddable":true,"href":"https:\/\/airdata.ca\/fr\/wp-json\/wp\/v2\/users\/1"}],"replies":[{"embeddable":true,"href":"https:\/\/airdata.ca\/fr\/wp-json\/wp\/v2\/comments?post=1118"}],"version-history":[{"count":18,"href":"https:\/\/airdata.ca\/fr\/wp-json\/wp\/v2\/pages\/1118\/revisions"}],"predecessor-version":[{"id":2239,"href":"https:\/\/airdata.ca\/fr\/wp-json\/wp\/v2\/pages\/1118\/revisions\/2239"}],"wp:attachment":[{"href":"https:\/\/airdata.ca\/fr\/wp-json\/wp\/v2\/media?parent=1118"}],"curies":[{"name":"wp","href":"https:\/\/api.w.org\/{rel}","templated":true}]}}