{"id":1105,"date":"2021-07-20T22:19:42","date_gmt":"2021-07-20T22:19:42","guid":{"rendered":"https:\/\/airdata.ca\/?page_id=1105"},"modified":"2021-07-29T15:39:32","modified_gmt":"2021-07-29T15:39:32","slug":"alimentation-electrique","status":"publish","type":"page","link":"https:\/\/airdata.ca\/fr\/alimentation-electrique\/","title":{"rendered":"Alimentation \u00e9lectrique"},"content":{"rendered":"<section data-id=\"block_60ee435533255\" class=\"block-header-simple header-simplewide display1 c-sa sa\">\n\n    <div class=\"pretitle-and-title\">\n                    <p class=\"block-header-simple__pretitle eyebrow\">Alimentation \u00e9lectrique Air Data<\/p>\n        \n                    <h1 class=\"block-header-simple__title title1\">Le meilleur de <span class=\"gradient\">la fiabilit\u00e9, la s\u00e9curit\u00e9 et la durabilit\u00e9<\/span><\/h1>\n            <\/div>\n    \n    <div class=\"image-and-desc\">\n\n        <div class=\"image-header\"><\/div>\n\n                    <p class=\"block-header-simple__description paragraph1\">L\u2019expertise d\u2019Air Data dans les solutions de puissance est d\u2019ores et d\u00e9j\u00e0 bien \u00e9tablie dans l\u2019industrie a\u00e9ronautique aupr\u00e8s de clients de renomm\u00e9e internationale. Nous assurons l\u2019ensemble du d\u00e9veloppement, de la qualification et de la production de nos produits, dans nos locaux sans besoin de faire appel \u00e0 des fournisseurs ext\u00e9rieurs.<\/p>\n            <\/div>\n\n    \n<\/section>\n\n<style>\n    .image-header{\n        background-image: url('https:\/\/airdata.ca\/app\/uploads\/2021\/07\/iStock-493250894-min.jpg'); \n    }\n\n    @media  screen and (min-width: 992px){\n        .image-header{\n            background-image: url('https:\/\/airdata.ca\/app\/uploads\/2021\/07\/iStock-493250894-min.jpg'); \n        }\n    }\n<\/style>\n\n\n<section data-id=\"block_60ee43f033256\" class=\"block-boxes boxeswide c-sa sa\">\n    \n    <div class=\"content\">\n\n        \n                    <h2 class=\"block-boxes__title title2\"><span class=\"gradient\">S\u2019adapte \u00e0 tout avion<\/span><\/h2>\n        \n                    <div class=\"boxes-content\">\n                                    <div class=\"single-box\">\n\n                                                    <h4 class=\"box-title all-caps-2\">Modulable<\/h4>\n                        \n                                                    <p class=\"box-description paragraph2\">Conception personnalis\u00e9e ou semi-personnalis\u00e9e, pour s&rsquo;adapter \u00e0 vos sp\u00e9cifications<\/p>\n                        \n                    <\/div>\n                                    <div class=\"single-box\">\n\n                                                    <h4 class=\"box-title all-caps-2\">Fiabilit\u00e9 maximale<\/h4>\n                        \n                                                    <p class=\"box-description paragraph2\">Tests approfondis dans notre laboratoire interne<\/p>\n                        \n                    <\/div>\n                                    <div class=\"single-box\">\n\n                                                    <h4 class=\"box-title all-caps-2\">Financi\u00e8rement avantageux par rapport aux g\u00e9ants de l&rsquo;avionique<\/h4>\n                        \n                                                    <p class=\"box-description paragraph2\">Nous sommes grands, pas g\u00e9ants. Profitez de notre structure de prix.<\/p>\n                        \n                    <\/div>\n                            <\/div>\n            <\/div>\n\n<\/section>\n\n\n<section data-id=\"block_60ee462833268\" class=\"block-text textwide display1 c-sa sa\">\n    \n    \n    \n                    <h2 class=\"block-text__title title2\"><span class=\"gradient\">Caract\u00e9ristique de l\u2019alimentation \u00e9lectrique<\/span> Air Data<\/h2>\n                \n        <div class=\"row\">\n            <section class=\"left-content\">\n                                    <p class=\"block-text__description paragraph1\">Nos comp\u00e9tences et savoir-faire dans le domaine des solutions de puissance s\u2019\u00e9tendent du conditionnement de puissance, du contr\u00f4le de moteur et du contr\u00f4le de g\u00e9n\u00e9rateur (GCU) en passant par les alimentations \u00e9lectriques.<\/p>\n                \n                \n                            <\/section>\n                    <\/div>\n    \n\n\n<\/section>\n\n\n<section data-id=\"block_60ee45763325a\" class=\"block-two-columns two-columnswide c-sa sa\">\n    \n    <section class=\"my-section section-left\">\n        <div class=\"number\">01<\/div>\n        <div class=\"content\">\n                            <a href=\"#\" class=\"block-two-columns__title all-caps\" target=\"\">ALIMENTATION \u00c9LECTRIQUE DC-DC<\/a>\n            \n            \n                            <div class=\"my-list\">\n                                            <div class=\"block-two-columns__l\">\n                                                            <p class=\"block-two-columns__text eyebrow\">Op\u00e9ration de 28V \u00e0 270V int\u00e9grant des filtres EMI et des circuits de protection contre les effets indirects de la foudre<\/p>\n                                                    <\/div>\n                                            <div class=\"block-two-columns__l\">\n                                                            <p class=\"block-two-columns__text eyebrow\">Enti\u00e8rement isol\u00e9 de 600V \u00e0 2.5 KV aux niveaux entr\u00e9e et sortie<\/p>\n                                                    <\/div>\n                                            <div class=\"block-two-columns__l\">\n                                                            <p class=\"block-two-columns__text eyebrow\">Op\u00e9ration \u00e0 haute fr\u00e9quence pour r\u00e9duction du volume<\/p>\n                                                    <\/div>\n                                            <div class=\"block-two-columns__l\">\n                                                            <p class=\"block-two-columns__text eyebrow\">Bonne dissipation thermique pour am\u00e9liorer la fiabilit\u00e9<\/p>\n                                                    <\/div>\n                                            <div class=\"block-two-columns__l\">\n                                                            <p class=\"block-two-columns__text eyebrow\">Plusieurs sorties r\u00e9gul\u00e9es disponibles<\/p>\n                                                    <\/div>\n                                            <div class=\"block-two-columns__l\">\n                                                            <p class=\"block-two-columns__text eyebrow\">Conform\u00e9ment aux exigences rigoureuses des normes : RTCA DO-160, MIL-STD-STD 704, MIL-STD-461 et MIL-STD-810<\/p>\n                                                    <\/div>\n                                            <div class=\"block-two-columns__l\">\n                                                            <p class=\"block-two-columns__text eyebrow\">Temps de maintien des sorties en cas (200ms) d\u2019interruption de l\u2019alimentation principale d\u00e9pendamment de la puissance de sortie<\/p>\n                                                    <\/div>\n                                    <\/div>\n                    <\/div>\n    <\/section>\n\n    <section class=\"my-section section-right\">\n        <div class=\"number\">02<\/div>\n        <div class=\"content\">\n                            <a href=\"#\" class=\"block-two-columns__title all-caps\" target=\"\">ALIMENTATION \u00c9LECTRIQUE AC-DC<\/a>\n            \n            \n                            <div class=\"my-list\">\n                                            <div class=\"block-two-columns__l\">\n                                                            <p class=\"block-two-columns__text eyebrow\">Une phase ou 3 phases avec facteur de correction de puissance<\/p>\n                                                    <\/div>\n                                            <div class=\"block-two-columns__l\">\n                                                            <p class=\"block-two-columns__text eyebrow\">Configuration Etoile ou Delta de l\u2019entr\u00e9e du BUS<\/p>\n                                                    <\/div>\n                                            <div class=\"block-two-columns__l\">\n                                                            <p class=\"block-two-columns__text eyebrow\">Op\u00e9ration sur une large plage en fr\u00e9quence 360 \u00e0 800Hz<\/p>\n                                                    <\/div>\n                                            <div class=\"block-two-columns__l\">\n                                                            <p class=\"block-two-columns__text eyebrow\">Contenu Harmonique conforme aux requis de la norme ABD0100<\/p>\n                                                    <\/div>\n                                            <div class=\"block-two-columns__l\">\n                                                            <p class=\"block-two-columns__text eyebrow\">Conforme aux requis des cat\u00e9gories s\u00e9v\u00e8res des normes : RTCA DO-160, MIL-STD-704, MIL-STD-461 et MIL-STD-810<\/p>\n                                                    <\/div>\n                                            <div class=\"block-two-columns__l\">\n                                                            <p class=\"block-two-columns__text eyebrow\">La haute efficacit\u00e9 des \u00e9changeurs de chaleur et les techniques de refroidissement permettent une haute fiabilit\u00e9 pour une plage de puissance d\u2019au moins 10KW<\/p>\n                                                    <\/div>\n                                    <\/div>\n                    <\/div>\n    <\/section>\n\n<\/section>\n\n\n<section data-id=\"block_60ee467433269\" class=\"block-slider sliderwide c-sa sa js-swiper\">\n\n    <div class=\"text-part\">\n                    <h2 class=\"block-slider__title title2\"><span class=\"gradient\">Polyvalence de l\u2019alimentation \u00e9lectrique<\/span><\/h2>\n        \n                    <p class=\"block-slider__description paragraph1\">Commerciale ou militaire, l\u2019alimentation \u00e9lectrique d&rsquo;Air Data peut \u00eatre utilis\u00e9e dans tout type d&rsquo;avion, pour de nouveaux projets et programmes de modernisation.<\/p>\n            <\/div>\n\n    <div class=\"swiper-container mySlider\">\n        <div class=\"swiper-wrapper\">\n                                                <div class=\"swiper-slide single-slide\" style=\"background-image: url('https:\/\/airdata.ca\/app\/uploads\/2021\/07\/iStock-182851171-min.jpg')\">\n                                                    <div class=\"single-slide-name all-caps-2\">\n                                <span>Aile rotative ou fixe<\/span>\n                            <\/div>\n                                            <\/div>\n                                    <div class=\"swiper-slide single-slide\" style=\"background-image: url('https:\/\/airdata.ca\/app\/uploads\/2021\/07\/iStock-1176206908-min-scaled.jpg')\">\n                                                    <div class=\"single-slide-name all-caps-2\">\n                                <span>V\u00e9hicules a\u00e9riens et sans pilote (UAV)<\/span>\n                            <\/div>\n                                            <\/div>\n                                    <div class=\"swiper-slide single-slide\" style=\"background-image: url('https:\/\/airdata.ca\/app\/uploads\/2021\/07\/iStock-526132926-min-scaled.jpg')\">\n                                                    <div class=\"single-slide-name all-caps-2\">\n                                <span>Commercial et militaire<\/span>\n                            <\/div>\n                                            <\/div>\n                                    <div class=\"swiper-slide single-slide\" style=\"background-image: url('https:\/\/airdata.ca\/app\/uploads\/2021\/07\/22506046057_d6f1b925bc_k.jpg')\">\n                                                    <div class=\"single-slide-name all-caps-2\">\n                                <span>Formateurs militaires<\/span>\n                            <\/div>\n                                            <\/div>\n                                    <\/div>\n        <div class=\"navigation\">\n            <div class=\"slide-btn prev\">\n                <svg width=\"7\" height=\"12\" viewBox=\"0 0 7 12\" fill=\"none\" xmlns=\"http:\/\/www.w3.org\/2000\/svg\">\n                    <path d=\"M0.46967 5.46967C0.176777 5.76256 0.176777 6.23744 0.46967 6.53033L5.24264 11.3033C5.53553 11.5962 6.01041 11.5962 6.3033 11.3033C6.59619 11.0104 6.59619 10.5355 6.3033 10.2426L2.06066 6L6.3033 1.75736C6.59619 1.46447 6.59619 0.989593 6.3033 0.696699C6.01041 0.403806 5.53553 0.403806 5.24264 0.696699L0.46967 5.46967ZM2 5.25H1V6.75H2V5.25Z\" fill=\"#376996\"\/>\n                <\/svg>\n            <\/div>\n            <div class=\"slide-btn next\">\n                <svg width=\"7\" height=\"12\" viewBox=\"0 0 7 12\" fill=\"none\" xmlns=\"http:\/\/www.w3.org\/2000\/svg\">\n                    <path d=\"M6.53033 6.53033C6.82322 6.23744 6.82322 5.76256 6.53033 5.46967L1.75736 0.696699C1.46447 0.403805 0.989593 0.403805 0.6967 0.696699C0.403806 0.989592 0.403806 1.46447 0.6967 1.75736L4.93934 6L0.696699 10.2426C0.403805 10.5355 0.403805 11.0104 0.696699 11.3033C0.989592 11.5962 1.46447 11.5962 1.75736 11.3033L6.53033 6.53033ZM5 6.75L6 6.75L6 5.25L5 5.25L5 6.75Z\" fill=\"#376996\"\/>\n                <\/svg>\n            <\/div>\n        <\/div>\n    <\/div>\n\n    <div class=\"desktop-images\">\n                                    <div class=\"single-slide\" style=\"background-image: url('https:\/\/airdata.ca\/app\/uploads\/2021\/07\/iStock-182851171-min.jpg')\">\n                                            <div class=\"single-slide-name all-caps-2\">\n                            <span>Aile rotative ou fixe<\/span>\n                        <\/div>\n                                    <\/div>\n                            <div class=\"single-slide\" style=\"background-image: url('https:\/\/airdata.ca\/app\/uploads\/2021\/07\/iStock-1176206908-min-scaled.jpg')\">\n                                            <div class=\"single-slide-name all-caps-2\">\n                            <span>V\u00e9hicules a\u00e9riens et sans pilote (UAV)<\/span>\n                        <\/div>\n                                    <\/div>\n                            <div class=\"single-slide\" style=\"background-image: url('https:\/\/airdata.ca\/app\/uploads\/2021\/07\/iStock-526132926-min-scaled.jpg')\">\n                                            <div class=\"single-slide-name all-caps-2\">\n                            <span>Commercial et militaire<\/span>\n                        <\/div>\n                                    <\/div>\n                            <div class=\"single-slide\" style=\"background-image: url('https:\/\/airdata.ca\/app\/uploads\/2021\/07\/22506046057_d6f1b925bc_k.jpg')\">\n                                            <div class=\"single-slide-name all-caps-2\">\n                            <span>Formateurs militaires<\/span>\n                        <\/div>\n                                    <\/div>\n                        <\/div>\n\n<\/section>\n\n  <script src=\"https:\/\/airdata.ca\/app\/themes\/beauvoir\/resources\/assets\/scripts\/swiper-bundle.min.js\"><\/script>\n  \n\n<script>\n    var swiper = new Swiper('.mySlider', {\n        navigation: {\n            nextEl: '.next',\n            prevEl: '.prev',\n        },\n        speed: 400\n    });\n<\/script>\n\n<section data-id=\"block_60ee47093326d\" class=\"block-text textwide display1 c-sa sa\">\n    \n    \n    \n                    <h2 class=\"block-text__title title2\">Avions plus<span class=\"gradient\"> \u00e9cologiques<\/span><\/h2>\n                \n        <div class=\"row\">\n            <section class=\"left-content\">\n                                    <p class=\"block-text__description paragraph1\">De plus en plus de composantes \u00e9lectriques pour les avions de l\u2019avenir<\/p>\n                \n                \n                            <\/section>\n                            <section class=\"right-content bullets\">\n                                            <div class=\"block-text__b\">\n                            <svg viewBox=\"0 0 14 12\" fill=\"none\" xmlns=\"http:\/\/www.w3.org\/2000\/svg\">\n                                <path d=\"M13.5303 6.53033C13.8232 6.23744 13.8232 5.76256 13.5303 5.46967L8.75736 0.6967C8.46447 0.403807 7.98959 0.403807 7.6967 0.6967C7.40381 0.989593 7.40381 1.46447 7.6967 1.75736L11.9393 6L7.6967 10.2426C7.40381 10.5355 7.40381 11.0104 7.6967 11.3033C7.98959 11.5962 8.46447 11.5962 8.75736 11.3033L13.5303 6.53033ZM-6.5567e-08 6.75L13 6.75L13 5.25L6.5567e-08 5.25L-6.5567e-08 6.75Z\" fill=\"#376996\"\/>\n                            <\/svg>                        \n                            <p class=\"block-text__bullet paragraph2\">Les avions plus \u00e9coresponsables du futur exigeront plus de syst\u00e8mes et de solutions d&rsquo;alimentation \u00e9lectrique.\r\n<\/p>\n                        <\/div>\n                                            <div class=\"block-text__b\">\n                            <svg viewBox=\"0 0 14 12\" fill=\"none\" xmlns=\"http:\/\/www.w3.org\/2000\/svg\">\n                                <path d=\"M13.5303 6.53033C13.8232 6.23744 13.8232 5.76256 13.5303 5.46967L8.75736 0.6967C8.46447 0.403807 7.98959 0.403807 7.6967 0.6967C7.40381 0.989593 7.40381 1.46447 7.6967 1.75736L11.9393 6L7.6967 10.2426C7.40381 10.5355 7.40381 11.0104 7.6967 11.3033C7.98959 11.5962 8.46447 11.5962 8.75736 11.3033L13.5303 6.53033ZM-6.5567e-08 6.75L13 6.75L13 5.25L6.5567e-08 5.25L-6.5567e-08 6.75Z\" fill=\"#376996\"\/>\n                            <\/svg>                        \n                            <p class=\"block-text__bullet paragraph2\">Air Data est pr\u00eat \u00e0 proposer et \u00e0 d\u00e9velopper des solutions d&rsquo;alimentation qui r\u00e9pondent aux besoins en constante \u00e9volution de sa client\u00e8le pour la conception d\u2019avions \u00ab plus \u00e9lectriques \u00bb.<\/p>\n                        <\/div>\n                                    <\/section>\n                    <\/div>\n    \n\n\n<\/section>\n\n\n<section data-id=\"block_60ee473833270\" class=\"block-links linkswide c-sa sa\">\n\n            <figure>\n            <img decoding=\"async\" loading=\"lazy\" src=\"https:\/\/airdata.ca\/app\/uploads\/2021\/07\/william-topa-7_4bU5tHRLQ-unsplash-1-min.jpg\" alt=\"Aircraft cockpit with Air Data avionics and aviation power solutions\">\n        <\/figure>\n    \n    <section class=\"text-content\">\n                    <p class=\"block-links__pretitle eyebrow\">Collaborons<\/p>\n        \n                    <h3 class=\"block-links__title title2\">Parlons de votre projet, nous serons heureux de vous proposer des solutions.<\/h3>\n        \n        <div class=\"link-section\">\n                            <a href=\"https:\/\/airdata.ca\/fr\/contact\/\" class=\"block-links__link_1 link2 link2-gradient\" target=\"\">Communiquez avec nous<\/a>\n                        <span class=\"or eyebrow\">OR<\/span>\n                            <a href=\"https:\/\/airdata.ca\/fr\/demandez-un-prix\/\" class=\"block-links__link_2 link1\" target=\"\">Demandez votre consultation gratuite<\/a>\n                    <\/div>\n    <\/section>\n\n<\/section>\n","protected":false},"excerpt":{"rendered":"","protected":false},"author":1,"featured_media":0,"parent":0,"menu_order":0,"comment_status":"closed","ping_status":"closed","template":"views\/template-menu-2.blade.php","meta":{"_acf_changed":false,"footnotes":""},"class_list":["post-1105","page","type-page","status-publish","hentry"],"acf":[],"yoast_head":"<!-- This site is optimized with the Yoast SEO plugin v23.7 - https:\/\/yoast.com\/wordpress\/plugins\/seo\/ -->\n<title>Alimentation \u00e9lectrique | Air Data<\/title>\n<meta name=\"description\" content=\"L&#039;expertise d&#039;Air Data dans les produits de conversion d&#039;\u00e9nergie est bien reconnue par l&#039;industrie. Tout est r\u00e9alis\u00e9 dans nos installations.\" \/>\n<meta name=\"robots\" content=\"index, follow, max-snippet:-1, max-image-preview:large, max-video-preview:-1\" \/>\n<link rel=\"canonical\" href=\"https:\/\/airdata.ca\/fr\/alimentation-electrique\/\" \/>\n<meta property=\"og:locale\" content=\"fr_FR\" \/>\n<meta property=\"og:type\" content=\"article\" \/>\n<meta property=\"og:title\" content=\"Alimentation \u00e9lectrique | Air Data\" \/>\n<meta property=\"og:description\" content=\"L&#039;expertise d&#039;Air Data dans les produits de conversion d&#039;\u00e9nergie est bien reconnue par l&#039;industrie. Tout est r\u00e9alis\u00e9 dans nos installations.\" \/>\n<meta property=\"og:url\" content=\"https:\/\/airdata.ca\/fr\/alimentation-electrique\/\" \/>\n<meta property=\"og:site_name\" content=\"AirData\" \/>\n<meta property=\"article:modified_time\" content=\"2021-07-29T15:39:32+00:00\" \/>\n<meta name=\"twitter:card\" content=\"summary_large_image\" \/>\n<script type=\"application\/ld+json\" class=\"yoast-schema-graph\">{\"@context\":\"https:\/\/schema.org\",\"@graph\":[{\"@type\":\"WebPage\",\"@id\":\"https:\/\/airdata.ca\/fr\/alimentation-electrique\/\",\"url\":\"https:\/\/airdata.ca\/fr\/alimentation-electrique\/\",\"name\":\"Alimentation \u00e9lectrique | Air Data\",\"isPartOf\":{\"@id\":\"https:\/\/airdata.ca\/fr\/#website\"},\"datePublished\":\"2021-07-20T22:19:42+00:00\",\"dateModified\":\"2021-07-29T15:39:32+00:00\",\"description\":\"L'expertise d'Air Data dans les produits de conversion d'\u00e9nergie est bien reconnue par l'industrie. Tout est r\u00e9alis\u00e9 dans nos installations.\",\"breadcrumb\":{\"@id\":\"https:\/\/airdata.ca\/fr\/alimentation-electrique\/#breadcrumb\"},\"inLanguage\":\"fr-FR\",\"potentialAction\":[{\"@type\":\"ReadAction\",\"target\":[\"https:\/\/airdata.ca\/fr\/alimentation-electrique\/\"]}]},{\"@type\":\"BreadcrumbList\",\"@id\":\"https:\/\/airdata.ca\/fr\/alimentation-electrique\/#breadcrumb\",\"itemListElement\":[{\"@type\":\"ListItem\",\"position\":1,\"name\":\"Home\",\"item\":\"https:\/\/airdata.ca\/fr\/\"},{\"@type\":\"ListItem\",\"position\":2,\"name\":\"Alimentation \u00e9lectrique\"}]},{\"@type\":\"WebSite\",\"@id\":\"https:\/\/airdata.ca\/fr\/#website\",\"url\":\"https:\/\/airdata.ca\/fr\/\",\"name\":\"AirData\",\"description\":\"Just another WordPress site\",\"potentialAction\":[{\"@type\":\"SearchAction\",\"target\":{\"@type\":\"EntryPoint\",\"urlTemplate\":\"https:\/\/airdata.ca\/fr\/?s={search_term_string}\"},\"query-input\":{\"@type\":\"PropertyValueSpecification\",\"valueRequired\":true,\"valueName\":\"search_term_string\"}}],\"inLanguage\":\"fr-FR\"}]}<\/script>\n<!-- \/ Yoast SEO plugin. -->","yoast_head_json":{"title":"Alimentation \u00e9lectrique | Air Data","description":"L'expertise d'Air Data dans les produits de conversion d'\u00e9nergie est bien reconnue par l'industrie. Tout est r\u00e9alis\u00e9 dans nos installations.","robots":{"index":"index","follow":"follow","max-snippet":"max-snippet:-1","max-image-preview":"max-image-preview:large","max-video-preview":"max-video-preview:-1"},"canonical":"https:\/\/airdata.ca\/fr\/alimentation-electrique\/","og_locale":"fr_FR","og_type":"article","og_title":"Alimentation \u00e9lectrique | Air Data","og_description":"L'expertise d'Air Data dans les produits de conversion d'\u00e9nergie est bien reconnue par l'industrie. Tout est r\u00e9alis\u00e9 dans nos installations.","og_url":"https:\/\/airdata.ca\/fr\/alimentation-electrique\/","og_site_name":"AirData","article_modified_time":"2021-07-29T15:39:32+00:00","twitter_card":"summary_large_image","schema":{"@context":"https:\/\/schema.org","@graph":[{"@type":"WebPage","@id":"https:\/\/airdata.ca\/fr\/alimentation-electrique\/","url":"https:\/\/airdata.ca\/fr\/alimentation-electrique\/","name":"Alimentation \u00e9lectrique | Air Data","isPartOf":{"@id":"https:\/\/airdata.ca\/fr\/#website"},"datePublished":"2021-07-20T22:19:42+00:00","dateModified":"2021-07-29T15:39:32+00:00","description":"L'expertise d'Air Data dans les produits de conversion d'\u00e9nergie est bien reconnue par l'industrie. Tout est r\u00e9alis\u00e9 dans nos installations.","breadcrumb":{"@id":"https:\/\/airdata.ca\/fr\/alimentation-electrique\/#breadcrumb"},"inLanguage":"fr-FR","potentialAction":[{"@type":"ReadAction","target":["https:\/\/airdata.ca\/fr\/alimentation-electrique\/"]}]},{"@type":"BreadcrumbList","@id":"https:\/\/airdata.ca\/fr\/alimentation-electrique\/#breadcrumb","itemListElement":[{"@type":"ListItem","position":1,"name":"Home","item":"https:\/\/airdata.ca\/fr\/"},{"@type":"ListItem","position":2,"name":"Alimentation \u00e9lectrique"}]},{"@type":"WebSite","@id":"https:\/\/airdata.ca\/fr\/#website","url":"https:\/\/airdata.ca\/fr\/","name":"AirData","description":"Just another WordPress site","potentialAction":[{"@type":"SearchAction","target":{"@type":"EntryPoint","urlTemplate":"https:\/\/airdata.ca\/fr\/?s={search_term_string}"},"query-input":{"@type":"PropertyValueSpecification","valueRequired":true,"valueName":"search_term_string"}}],"inLanguage":"fr-FR"}]}},"_links":{"self":[{"href":"https:\/\/airdata.ca\/fr\/wp-json\/wp\/v2\/pages\/1105"}],"collection":[{"href":"https:\/\/airdata.ca\/fr\/wp-json\/wp\/v2\/pages"}],"about":[{"href":"https:\/\/airdata.ca\/fr\/wp-json\/wp\/v2\/types\/page"}],"author":[{"embeddable":true,"href":"https:\/\/airdata.ca\/fr\/wp-json\/wp\/v2\/users\/1"}],"replies":[{"embeddable":true,"href":"https:\/\/airdata.ca\/fr\/wp-json\/wp\/v2\/comments?post=1105"}],"version-history":[{"count":20,"href":"https:\/\/airdata.ca\/fr\/wp-json\/wp\/v2\/pages\/1105\/revisions"}],"predecessor-version":[{"id":2367,"href":"https:\/\/airdata.ca\/fr\/wp-json\/wp\/v2\/pages\/1105\/revisions\/2367"}],"wp:attachment":[{"href":"https:\/\/airdata.ca\/fr\/wp-json\/wp\/v2\/media?parent=1105"}],"curies":[{"name":"wp","href":"https:\/\/api.w.org\/{rel}","templated":true}]}}