{"id":1000,"date":"2021-07-18T21:10:56","date_gmt":"2021-07-18T21:10:56","guid":{"rendered":"https:\/\/airdata.ca\/?page_id=1000"},"modified":"2021-09-27T15:49:56","modified_gmt":"2021-09-27T15:49:56","slug":"accueil","status":"publish","type":"page","link":"https:\/\/airdata.ca\/fr\/","title":{"rendered":"Accueil"},"content":{"rendered":"<section data-id=\"block_60d2132ef96f9\" class=\"block-header-hero header-herowide c-sa sa\">\n    \n    <div class=\"background\"><\/div>\n\n    <section class=\"text-content\">\n                    <p class=\"block-header-hero__pretitle eyebrow\">Solutions avioniques et d\u2019alimentation \u00e9lectrique a\u00e9ronautiques<\/p>\n        \n                    <h1 class=\"block-header-hero__title title1\"><mark>Vos projets, sous notre aile<\/mark><\/h1>\n        \n                    <p class=\"block-header-hero__description paragraph1\">Au-del\u00e0 des attentes en mati\u00e8re d&rsquo;\u00e9lectronique a\u00e9ronautique avanc\u00e9e, Air Data vous soutient de la conception \u00e0 la fabrication de produits avioniques et de gestion de l\u2019alimentation pour les fabricants d&rsquo;\u00e9quipement d&rsquo;origine et les int\u00e9grateurs de niveau 1 et 2. Qu\u2019il s\u2019agisse de l\u2019industrie de l&rsquo;a\u00e9rospatial civil ou militaire, notre expertise est exhaustive.\r\n<\/p>\n            <\/section>\n\n    \n<\/section>\n\n<style>\n    .background{\n        background-image: url('https:\/\/airdata.ca\/app\/uploads\/2021\/07\/jacek-ulinski-51we5PlIS7c-unsplash-2-min-e1627323109926.jpg'); \n    }\n\n    @media  screen and (min-width: 992px){\n        .background{\n            background-image: url('https:\/\/airdata.ca\/app\/uploads\/2021\/07\/jacek-ulinski-51we5PlIS7c-unsplash-2-min-e1627323109926.jpg'); \n        }\n    }\n<\/style>\n\n\n<section data-id=\"block_60d2133df96fa\" class=\"block-two-columns two-columnswide c-sa sa\">\n    \n    <section class=\"my-section section-left\">\n        <div class=\"number\">01<\/div>\n        <div class=\"content\">\n                            <a href=\"Produits avioniques\" class=\"block-two-columns__title all-caps\" target=\"\"><\/a>\n            \n                            <p class=\"block-two-columns__description paragraph2\">Conception et fabrication de solutions \u00e9lectroniques pour l\u2019aviation<\/p>\n            \n                            <div class=\"my-list\">\n                                            <div class=\"block-two-columns__l\">\n                                                            <a href=\"\/fr\/calculateur-baro-anemometrique\/\" class=\"block-two-columns__link eyebrow\" target=\"\">\n                                    <span>Calculateur baro-an\u00e9mom\u00e9trique<\/span>\n                                    <svg viewBox=\"0 0 36 36\" fill=\"none\" xmlns=\"http:\/\/www.w3.org\/2000\/svg\">\n<circle cx=\"18\" cy=\"18\" r=\"17.25\" stroke=\"#2E3944\" stroke-width=\"1.5\"\/>\n<path d=\"M24.5303 18.5303C24.8232 18.2374 24.8232 17.7626 24.5303 17.4697L19.7574 12.6967C19.4645 12.4038 18.9896 12.4038 18.6967 12.6967C18.4038 12.9896 18.4038 13.4645 18.6967 13.7574L22.9393 18L18.6967 22.2426C18.4038 22.5355 18.4038 23.0104 18.6967 23.3033C18.9896 23.5962 19.4645 23.5962 19.7574 23.3033L24.5303 18.5303ZM11 18.75L24 18.75L24 17.25L11 17.25L11 18.75Z\" fill=\"#2E3944\"\/>\n<\/svg>\n                                <\/a>\n                                                    <\/div>\n                                            <div class=\"block-two-columns__l\">\n                                                            <a href=\"\/fr\/tubes-pitot\/\" class=\"block-two-columns__link eyebrow\" target=\"\">\n                                    <span>Tubes pitot<\/span>\n                                    <svg viewBox=\"0 0 36 36\" fill=\"none\" xmlns=\"http:\/\/www.w3.org\/2000\/svg\">\n<circle cx=\"18\" cy=\"18\" r=\"17.25\" stroke=\"#2E3944\" stroke-width=\"1.5\"\/>\n<path d=\"M24.5303 18.5303C24.8232 18.2374 24.8232 17.7626 24.5303 17.4697L19.7574 12.6967C19.4645 12.4038 18.9896 12.4038 18.6967 12.6967C18.4038 12.9896 18.4038 13.4645 18.6967 13.7574L22.9393 18L18.6967 22.2426C18.4038 22.5355 18.4038 23.0104 18.6967 23.3033C18.9896 23.5962 19.4645 23.5962 19.7574 23.3033L24.5303 18.5303ZM11 18.75L24 18.75L24 17.25L11 17.25L11 18.75Z\" fill=\"#2E3944\"\/>\n<\/svg>\n                                <\/a>\n                                                    <\/div>\n                                            <div class=\"block-two-columns__l\">\n                                                            <a href=\"\/fr\/avionique-specialisee\/\" class=\"block-two-columns__link eyebrow\" target=\"\">\n                                    <span>Avionique sp\u00e9cialis\u00e9e<\/span>\n                                    <svg viewBox=\"0 0 36 36\" fill=\"none\" xmlns=\"http:\/\/www.w3.org\/2000\/svg\">\n<circle cx=\"18\" cy=\"18\" r=\"17.25\" stroke=\"#2E3944\" stroke-width=\"1.5\"\/>\n<path d=\"M24.5303 18.5303C24.8232 18.2374 24.8232 17.7626 24.5303 17.4697L19.7574 12.6967C19.4645 12.4038 18.9896 12.4038 18.6967 12.6967C18.4038 12.9896 18.4038 13.4645 18.6967 13.7574L22.9393 18L18.6967 22.2426C18.4038 22.5355 18.4038 23.0104 18.6967 23.3033C18.9896 23.5962 19.4645 23.5962 19.7574 23.3033L24.5303 18.5303ZM11 18.75L24 18.75L24 17.25L11 17.25L11 18.75Z\" fill=\"#2E3944\"\/>\n<\/svg>\n                                <\/a>\n                                                    <\/div>\n                                    <\/div>\n                    <\/div>\n    <\/section>\n\n    <section class=\"my-section section-right\">\n        <div class=\"number\">02<\/div>\n        <div class=\"content\">\n                            <a href=\"Alimentations et contr\u00f4les\" class=\"block-two-columns__title all-caps\" target=\"\"><\/a>\n            \n                            <p class=\"block-two-columns__description paragraph2\">Fiabilit\u00e9 et valeur optimales<\/p>\n            \n                            <div class=\"my-list\">\n                                            <div class=\"block-two-columns__l\">\n                                                            <a href=\"\/fr\/controle-du-generateur\/\" class=\"block-two-columns__link eyebrow\" target=\"\">\n                                    <span>Contr\u00f4le du g\u00e9n\u00e9rateur<\/span>\n                                    <svg viewBox=\"0 0 36 36\" fill=\"none\" xmlns=\"http:\/\/www.w3.org\/2000\/svg\">\n<circle cx=\"18\" cy=\"18\" r=\"17.25\" stroke=\"#2E3944\" stroke-width=\"1.5\"\/>\n<path d=\"M24.5303 18.5303C24.8232 18.2374 24.8232 17.7626 24.5303 17.4697L19.7574 12.6967C19.4645 12.4038 18.9896 12.4038 18.6967 12.6967C18.4038 12.9896 18.4038 13.4645 18.6967 13.7574L22.9393 18L18.6967 22.2426C18.4038 22.5355 18.4038 23.0104 18.6967 23.3033C18.9896 23.5962 19.4645 23.5962 19.7574 23.3033L24.5303 18.5303ZM11 18.75L24 18.75L24 17.25L11 17.25L11 18.75Z\" fill=\"#2E3944\"\/>\n<\/svg>\n                                <\/a>\n                                                    <\/div>\n                                            <div class=\"block-two-columns__l\">\n                                                            <a href=\"\/fr\/alimentation-electrique\/\" class=\"block-two-columns__link eyebrow\" target=\"\">\n                                    <span>Alimentation \u00e9lectrique<\/span>\n                                    <svg viewBox=\"0 0 36 36\" fill=\"none\" xmlns=\"http:\/\/www.w3.org\/2000\/svg\">\n<circle cx=\"18\" cy=\"18\" r=\"17.25\" stroke=\"#2E3944\" stroke-width=\"1.5\"\/>\n<path d=\"M24.5303 18.5303C24.8232 18.2374 24.8232 17.7626 24.5303 17.4697L19.7574 12.6967C19.4645 12.4038 18.9896 12.4038 18.6967 12.6967C18.4038 12.9896 18.4038 13.4645 18.6967 13.7574L22.9393 18L18.6967 22.2426C18.4038 22.5355 18.4038 23.0104 18.6967 23.3033C18.9896 23.5962 19.4645 23.5962 19.7574 23.3033L24.5303 18.5303ZM11 18.75L24 18.75L24 17.25L11 17.25L11 18.75Z\" fill=\"#2E3944\"\/>\n<\/svg>\n                                <\/a>\n                                                    <\/div>\n                                            <div class=\"block-two-columns__l\">\n                                                            <a href=\"\/fr\/solutions-dalimentation-sur-mesure\/\" class=\"block-two-columns__link eyebrow\" target=\"\">\n                                    <span>Solutions d\u2019alimentation sur mesure<\/span>\n                                    <svg viewBox=\"0 0 36 36\" fill=\"none\" xmlns=\"http:\/\/www.w3.org\/2000\/svg\">\n<circle cx=\"18\" cy=\"18\" r=\"17.25\" stroke=\"#2E3944\" stroke-width=\"1.5\"\/>\n<path d=\"M24.5303 18.5303C24.8232 18.2374 24.8232 17.7626 24.5303 17.4697L19.7574 12.6967C19.4645 12.4038 18.9896 12.4038 18.6967 12.6967C18.4038 12.9896 18.4038 13.4645 18.6967 13.7574L22.9393 18L18.6967 22.2426C18.4038 22.5355 18.4038 23.0104 18.6967 23.3033C18.9896 23.5962 19.4645 23.5962 19.7574 23.3033L24.5303 18.5303ZM11 18.75L24 18.75L24 17.25L11 17.25L11 18.75Z\" fill=\"#2E3944\"\/>\n<\/svg>\n                                <\/a>\n                                                    <\/div>\n                                    <\/div>\n                    <\/div>\n    <\/section>\n\n<\/section>\n\n\n<section data-id=\"block_60d21340f96fb\" class=\"block-boxes boxeswide c-sa sa\">\n    \n    <div class=\"content\">\n\n        \n                    <h2 class=\"block-boxes__title title2\"><span class=\"gradient\">Nous sommes grands, pas g\u00e9ants.<\/span> L\u2019ampleur id\u00e9ale pour un <span class=\"gradient\">service humain et rapide.<\/span><\/h2>\n        \n                    <div class=\"boxes-content\">\n                                    <div class=\"single-box\">\n\n                                                    <h4 class=\"box-title all-caps-2\">Conception personnalis\u00e9e<\/h4>\n                        \n                                                    <p class=\"box-description paragraph2\">Nous travaillons selon vos sp\u00e9cifications, et non l&rsquo;inverse. Vos exigences \u00e9clairent notre conception et notre fabrication.<\/p>\n                        \n                    <\/div>\n                                    <div class=\"single-box\">\n\n                                                    <h4 class=\"box-title all-caps-2\">Meilleur co\u00fbt-efficacit\u00e9<\/h4>\n                        \n                                                    <p class=\"box-description paragraph2\">Des infrastructures ultra efficaces signifient que vous obtenez la plus haute qualit\u00e9 et durabilit\u00e9 \u00e0 un prix exceptionnellement comp\u00e9titif.<\/p>\n                        \n                    <\/div>\n                                    <div class=\"single-box\">\n\n                                                    <h4 class=\"box-title all-caps-2\">Tout est une question de timing<\/h4>\n                        \n                                                    <p class=\"box-description paragraph2\">De la commande \u00e0 la livraison, nous travaillons en priorisant votre \u00e9ch\u00e9ancier.<\/p>\n                        \n                    <\/div>\n                            <\/div>\n            <\/div>\n\n<\/section>\n\n\n<section data-id=\"block_60d21344f96fc\" class=\"block-text textwide display2 c-sa sa\">\n    \n            <p class=\"block-text__pretitle eyebrow\">Avions novateurs plus propres<\/p>\n    \n            <div class=\"row\">\n            <section class=\"left-content\">\n                                    <h2 class=\"block-text__title title2\">Repousser <span class=\"gradient\">les limites de la technologie verte<\/span><\/h2>\n                            <\/section>\n                            <section class=\"right-content bullets\">\n                                            <div class=\"block-text__b\">\n                            <svg viewBox=\"0 0 14 12\" fill=\"none\" xmlns=\"http:\/\/www.w3.org\/2000\/svg\">\n                                <path d=\"M13.5303 6.53033C13.8232 6.23744 13.8232 5.76256 13.5303 5.46967L8.75736 0.6967C8.46447 0.403807 7.98959 0.403807 7.6967 0.6967C7.40381 0.989593 7.40381 1.46447 7.6967 1.75736L11.9393 6L7.6967 10.2426C7.40381 10.5355 7.40381 11.0104 7.6967 11.3033C7.98959 11.5962 8.46447 11.5962 8.75736 11.3033L13.5303 6.53033ZM-6.5567e-08 6.75L13 6.75L13 5.25L6.5567e-08 5.25L-6.5567e-08 6.75Z\" fill=\"#376996\"\/>\n                            <\/svg>                        \n                            <p class=\"block-text__bullet paragraph2\">Les avions du futur exigeront des syst\u00e8mes \u00e9lectriques et des solutions d&rsquo;alimentation plus avanc\u00e9s et plus propres pour l\u2019environnement. Air Data est pr\u00eat \u00e0 proposer et \u00e0 d\u00e9velopper des solutions d&rsquo;alimentation qui r\u00e9pondent \u00e0 vos besoins en constante \u00e9volution.<\/p>\n                        <\/div>\n                                            <div class=\"block-text__b\">\n                            <svg viewBox=\"0 0 14 12\" fill=\"none\" xmlns=\"http:\/\/www.w3.org\/2000\/svg\">\n                                <path d=\"M13.5303 6.53033C13.8232 6.23744 13.8232 5.76256 13.5303 5.46967L8.75736 0.6967C8.46447 0.403807 7.98959 0.403807 7.6967 0.6967C7.40381 0.989593 7.40381 1.46447 7.6967 1.75736L11.9393 6L7.6967 10.2426C7.40381 10.5355 7.40381 11.0104 7.6967 11.3033C7.98959 11.5962 8.46447 11.5962 8.75736 11.3033L13.5303 6.53033ZM-6.5567e-08 6.75L13 6.75L13 5.25L6.5567e-08 5.25L-6.5567e-08 6.75Z\" fill=\"#376996\"\/>\n                            <\/svg>                        \n                            <p class=\"block-text__bullet paragraph2\">Par l\u2019entremise du programme SA\u00b2GE, l&rsquo;expertise d&rsquo;Air Data a contribu\u00e9 \u00e0 la cr\u00e9ation d&rsquo;avions plus verts par les plus grandes entreprises a\u00e9ronautiques.<\/p>\n                        <\/div>\n                                            <div class=\"block-text__b\">\n                            <svg viewBox=\"0 0 14 12\" fill=\"none\" xmlns=\"http:\/\/www.w3.org\/2000\/svg\">\n                                <path d=\"M13.5303 6.53033C13.8232 6.23744 13.8232 5.76256 13.5303 5.46967L8.75736 0.6967C8.46447 0.403807 7.98959 0.403807 7.6967 0.6967C7.40381 0.989593 7.40381 1.46447 7.6967 1.75736L11.9393 6L7.6967 10.2426C7.40381 10.5355 7.40381 11.0104 7.6967 11.3033C7.98959 11.5962 8.46447 11.5962 8.75736 11.3033L13.5303 6.53033ZM-6.5567e-08 6.75L13 6.75L13 5.25L6.5567e-08 5.25L-6.5567e-08 6.75Z\" fill=\"#376996\"\/>\n                            <\/svg>                        \n                            <p class=\"block-text__bullet paragraph2\">Un autre volet important de la mission d&rsquo;Air Data est de d\u00e9velopper des solutions avioniques, pour de nouveaux march\u00e9s, comme les dirigeables servant au transport en r\u00e9gions \u00e9loign\u00e9es o\u00f9 les industries mini\u00e8res et foresti\u00e8res sont en pleine croissance.<\/p>\n                        <\/div>\n                                    <\/section>\n                    <\/div>\n    \n\n\n<\/section>\n\n\n<section data-id=\"block_60d218536a7c5\" class=\"block-clients clientswide c-sa sa\">\n\n            <p class=\"block-clients__pretitle eyebrow\">Clients Air Data<\/p>\n    \n            <h2 class=\"block-clients__title title2\">Une <span class=\"gradient\">client\u00e8le<\/span> de renom dans le <span class=\"gradient\">monde entier<\/span><\/h2>\n    \n            <div class=\"my-client-list\">\n                                            <div class=\"single-client\">\n                    <p class=\"client-name all-caps-2\">Airbus<\/p>\n                    <figure class=\"client-logo\">\n                        <img decoding=\"async\" loading=\"lazy\" src=\"https:\/\/airdata.ca\/app\/uploads\/2021\/06\/Airbus_Logo_2017.svg\" alt=\"\">\n                    <\/figure>\n                <\/div>\n                                            <div class=\"single-client\">\n                    <p class=\"client-name all-caps-2\">Bell Flight<\/p>\n                    <figure class=\"client-logo\">\n                        <img decoding=\"async\" loading=\"lazy\" src=\"https:\/\/airdata.ca\/app\/uploads\/2021\/06\/f59.Bell-Flight_Logo-min.png\" alt=\"\">\n                    <\/figure>\n                <\/div>\n                                            <div class=\"single-client\">\n                    <p class=\"client-name all-caps-2\">Israel Aerospace Industries (IAI)<\/p>\n                    <figure class=\"client-logo\">\n                        <img decoding=\"async\" loading=\"lazy\" src=\"https:\/\/airdata.ca\/app\/uploads\/2021\/06\/Israel_Aerospace_Industries_logo.svg\" alt=\"\">\n                    <\/figure>\n                <\/div>\n                                            <div class=\"single-client\">\n                    <p class=\"client-name all-caps-2\">U.S. Air Force<\/p>\n                    <figure class=\"client-logo\">\n                        <img decoding=\"async\" loading=\"lazy\" src=\"https:\/\/airdata.ca\/app\/uploads\/2021\/07\/US_Air_Force_Logo.png\" alt=\"Air Data Client U.S. Air Force\">\n                    <\/figure>\n                <\/div>\n                                            <div class=\"single-client\">\n                    <p class=\"client-name all-caps-2\">Bombardier<\/p>\n                    <figure class=\"client-logo\">\n                        <img decoding=\"async\" loading=\"lazy\" src=\"https:\/\/airdata.ca\/app\/uploads\/2021\/07\/Bombardier_Logo.svg\" alt=\"\">\n                    <\/figure>\n                <\/div>\n                    <\/div>\n    \n            <a href=\"\/fr\/nos-clients\/\" class=\"block-clients__cta link1\" target=\"\">Voir nos clients majeurs<\/a>\n    \n<\/section>\n\n\n<section data-id=\"block_60d218586a7c6\" class=\"block-links linkswide c-sa sa\">\n\n            <figure>\n            <img decoding=\"async\" loading=\"lazy\" src=\"https:\/\/airdata.ca\/app\/uploads\/2021\/07\/william-topa-7_4bU5tHRLQ-unsplash-1-min.jpg\" alt=\"Aircraft cockpit with Air Data avionics and aviation power solutions\">\n        <\/figure>\n    \n    <section class=\"text-content\">\n                    <p class=\"block-links__pretitle eyebrow\">Collaborons<\/p>\n        \n                    <h3 class=\"block-links__title title2\">Parlons de votre projet, nous serons heureux de vous proposer des solutions.<\/h3>\n        \n        <div class=\"link-section\">\n                            <a href=\"\/fr\/contact\/\" class=\"block-links__link_1 link2 link2-gradient\" target=\"\">Communiquez avec nous<\/a>\n                        <span class=\"or eyebrow\">OR<\/span>\n                            <a href=\"\/fr\/demandez-un-prix\/\" class=\"block-links__link_2 link1\" target=\"\">Demandez une consultation gratuite<\/a>\n                    <\/div>\n    <\/section>\n\n<\/section>\n","protected":false},"excerpt":{"rendered":"","protected":false},"author":1,"featured_media":0,"parent":0,"menu_order":0,"comment_status":"closed","ping_status":"closed","template":"views\/template-menu-1.blade.php","meta":{"_acf_changed":false,"footnotes":""},"class_list":["post-1000","page","type-page","status-publish","hentry"],"acf":[],"yoast_head":"<!-- This site is optimized with the Yoast SEO plugin v23.7 - https:\/\/yoast.com\/wordpress\/plugins\/seo\/ -->\n<title>Solutions avioniques et d\u2019alimentation \u00e9lectrique | Air Data<\/title>\n<meta name=\"description\" content=\"Se surpassant dans l&#039;\u00e9lectronique a\u00e9ronautique, Air Data con\u00e7oit et fabrique des produits avioniques et de gestion de l&#039;alimentation (OEM et int\u00e9grateurs niveau 1 &amp; 2)\" \/>\n<meta name=\"robots\" content=\"index, follow, max-snippet:-1, max-image-preview:large, max-video-preview:-1\" \/>\n<link rel=\"canonical\" href=\"https:\/\/airdata.ca\/fr\/\" \/>\n<meta property=\"og:locale\" content=\"fr_FR\" \/>\n<meta property=\"og:type\" content=\"article\" \/>\n<meta property=\"og:title\" content=\"Solutions avioniques et d\u2019alimentation \u00e9lectrique | Air Data\" \/>\n<meta property=\"og:description\" content=\"Se surpassant dans l&#039;\u00e9lectronique a\u00e9ronautique, Air Data con\u00e7oit et fabrique des produits avioniques et de gestion de l&#039;alimentation (OEM et int\u00e9grateurs niveau 1 &amp; 2)\" \/>\n<meta property=\"og:url\" content=\"https:\/\/airdata.ca\/fr\/\" \/>\n<meta property=\"og:site_name\" content=\"AirData\" \/>\n<meta property=\"article:modified_time\" content=\"2021-09-27T15:49:56+00:00\" \/>\n<meta name=\"twitter:card\" content=\"summary_large_image\" \/>\n<script type=\"application\/ld+json\" class=\"yoast-schema-graph\">{\"@context\":\"https:\/\/schema.org\",\"@graph\":[{\"@type\":\"WebPage\",\"@id\":\"https:\/\/airdata.ca\/fr\/\",\"url\":\"https:\/\/airdata.ca\/fr\/\",\"name\":\"Solutions avioniques et d\u2019alimentation \u00e9lectrique | Air Data\",\"isPartOf\":{\"@id\":\"https:\/\/airdata.ca\/fr\/#website\"},\"datePublished\":\"2021-07-18T21:10:56+00:00\",\"dateModified\":\"2021-09-27T15:49:56+00:00\",\"description\":\"Se surpassant dans l'\u00e9lectronique a\u00e9ronautique, Air Data con\u00e7oit et fabrique des produits avioniques et de gestion de l'alimentation (OEM et int\u00e9grateurs niveau 1 & 2)\",\"breadcrumb\":{\"@id\":\"https:\/\/airdata.ca\/fr\/#breadcrumb\"},\"inLanguage\":\"fr-FR\",\"potentialAction\":[{\"@type\":\"ReadAction\",\"target\":[\"https:\/\/airdata.ca\/fr\/\"]}]},{\"@type\":\"BreadcrumbList\",\"@id\":\"https:\/\/airdata.ca\/fr\/#breadcrumb\",\"itemListElement\":[{\"@type\":\"ListItem\",\"position\":1,\"name\":\"Home\",\"item\":\"https:\/\/airdata.ca\/fr\/\"},{\"@type\":\"ListItem\",\"position\":2,\"name\":\"Accueil\"}]},{\"@type\":\"WebSite\",\"@id\":\"https:\/\/airdata.ca\/fr\/#website\",\"url\":\"https:\/\/airdata.ca\/fr\/\",\"name\":\"AirData\",\"description\":\"Just another WordPress site\",\"potentialAction\":[{\"@type\":\"SearchAction\",\"target\":{\"@type\":\"EntryPoint\",\"urlTemplate\":\"https:\/\/airdata.ca\/fr\/?s={search_term_string}\"},\"query-input\":{\"@type\":\"PropertyValueSpecification\",\"valueRequired\":true,\"valueName\":\"search_term_string\"}}],\"inLanguage\":\"fr-FR\"}]}<\/script>\n<!-- \/ Yoast SEO plugin. -->","yoast_head_json":{"title":"Solutions avioniques et d\u2019alimentation \u00e9lectrique | Air Data","description":"Se surpassant dans l'\u00e9lectronique a\u00e9ronautique, Air Data con\u00e7oit et fabrique des produits avioniques et de gestion de l'alimentation (OEM et int\u00e9grateurs niveau 1 & 2)","robots":{"index":"index","follow":"follow","max-snippet":"max-snippet:-1","max-image-preview":"max-image-preview:large","max-video-preview":"max-video-preview:-1"},"canonical":"https:\/\/airdata.ca\/fr\/","og_locale":"fr_FR","og_type":"article","og_title":"Solutions avioniques et d\u2019alimentation \u00e9lectrique | Air Data","og_description":"Se surpassant dans l'\u00e9lectronique a\u00e9ronautique, Air Data con\u00e7oit et fabrique des produits avioniques et de gestion de l'alimentation (OEM et int\u00e9grateurs niveau 1 & 2)","og_url":"https:\/\/airdata.ca\/fr\/","og_site_name":"AirData","article_modified_time":"2021-09-27T15:49:56+00:00","twitter_card":"summary_large_image","schema":{"@context":"https:\/\/schema.org","@graph":[{"@type":"WebPage","@id":"https:\/\/airdata.ca\/fr\/","url":"https:\/\/airdata.ca\/fr\/","name":"Solutions avioniques et d\u2019alimentation \u00e9lectrique | Air Data","isPartOf":{"@id":"https:\/\/airdata.ca\/fr\/#website"},"datePublished":"2021-07-18T21:10:56+00:00","dateModified":"2021-09-27T15:49:56+00:00","description":"Se surpassant dans l'\u00e9lectronique a\u00e9ronautique, Air Data con\u00e7oit et fabrique des produits avioniques et de gestion de l'alimentation (OEM et int\u00e9grateurs niveau 1 & 2)","breadcrumb":{"@id":"https:\/\/airdata.ca\/fr\/#breadcrumb"},"inLanguage":"fr-FR","potentialAction":[{"@type":"ReadAction","target":["https:\/\/airdata.ca\/fr\/"]}]},{"@type":"BreadcrumbList","@id":"https:\/\/airdata.ca\/fr\/#breadcrumb","itemListElement":[{"@type":"ListItem","position":1,"name":"Home","item":"https:\/\/airdata.ca\/fr\/"},{"@type":"ListItem","position":2,"name":"Accueil"}]},{"@type":"WebSite","@id":"https:\/\/airdata.ca\/fr\/#website","url":"https:\/\/airdata.ca\/fr\/","name":"AirData","description":"Just another WordPress site","potentialAction":[{"@type":"SearchAction","target":{"@type":"EntryPoint","urlTemplate":"https:\/\/airdata.ca\/fr\/?s={search_term_string}"},"query-input":{"@type":"PropertyValueSpecification","valueRequired":true,"valueName":"search_term_string"}}],"inLanguage":"fr-FR"}]}},"_links":{"self":[{"href":"https:\/\/airdata.ca\/fr\/wp-json\/wp\/v2\/pages\/1000"}],"collection":[{"href":"https:\/\/airdata.ca\/fr\/wp-json\/wp\/v2\/pages"}],"about":[{"href":"https:\/\/airdata.ca\/fr\/wp-json\/wp\/v2\/types\/page"}],"author":[{"embeddable":true,"href":"https:\/\/airdata.ca\/fr\/wp-json\/wp\/v2\/users\/1"}],"replies":[{"embeddable":true,"href":"https:\/\/airdata.ca\/fr\/wp-json\/wp\/v2\/comments?post=1000"}],"version-history":[{"count":19,"href":"https:\/\/airdata.ca\/fr\/wp-json\/wp\/v2\/pages\/1000\/revisions"}],"predecessor-version":[{"id":2856,"href":"https:\/\/airdata.ca\/fr\/wp-json\/wp\/v2\/pages\/1000\/revisions\/2856"}],"wp:attachment":[{"href":"https:\/\/airdata.ca\/fr\/wp-json\/wp\/v2\/media?parent=1000"}],"curies":[{"name":"wp","href":"https:\/\/api.w.org\/{rel}","templated":true}]}}